{"id":98,"date":"2025-09-15T17:24:37","date_gmt":"2025-09-15T17:24:37","guid":{"rendered":"https:\/\/martinezhernandezfinancialconsulting.com\/?page_id=98"},"modified":"2026-01-03T04:15:39","modified_gmt":"2026-01-03T04:15:39","slug":"contactanos","status":"publish","type":"page","link":"https:\/\/martinezhernandezfinancialconsulting.com\/en\/contactanos\/","title":{"rendered":"Contact Us"},"content":{"rendered":"<div data-elementor-type=\"wp-page\" data-elementor-id=\"98\" class=\"elementor elementor-98\" data-elementor-post-type=\"page\">\n\t\t\t\t<div class=\"elementor-element elementor-element-7b0c71b7 e-flex e-con-boxed e-con e-parent\" data-id=\"7b0c71b7\" data-element_type=\"container\" data-e-type=\"container\" data-settings=\"{&quot;background_background&quot;:&quot;classic&quot;}\">\n\t\t\t\t\t<div class=\"e-con-inner\">\n\t\t\t\t\t<\/div>\n\t\t\t\t<\/div>\n\t\t<div class=\"elementor-element elementor-element-4d92326d e-flex e-con-boxed e-con e-parent\" data-id=\"4d92326d\" data-element_type=\"container\" data-e-type=\"container\">\n\t\t\t\t\t<div class=\"e-con-inner\">\n\t\t<div class=\"elementor-element elementor-element-12cb9a0f e-con-full animated-slow e-flex elementor-invisible e-con e-child\" data-id=\"12cb9a0f\" data-element_type=\"container\" data-e-type=\"container\" data-settings=\"{&quot;animation&quot;:&quot;fadeInLeft&quot;}\">\n\t\t\t\t<div class=\"elementor-element elementor-element-a3332a5 elementor-widget elementor-widget-heading\" data-id=\"a3332a5\" data-element_type=\"widget\" data-e-type=\"widget\" data-widget_type=\"heading.default\">\n\t\t\t\t\t<h4 class=\"elementor-heading-title elementor-size-default\">Send us a message<\/h4>\t\t\t\t<\/div>\n\t\t\t\t<div class=\"elementor-element elementor-element-c2253a0 elementor-widget elementor-widget-shortcode\" data-id=\"c2253a0\" data-element_type=\"widget\" data-e-type=\"widget\" data-widget_type=\"shortcode.default\">\n\t\t\t\t\t\t\t<div class=\"elementor-shortcode\"><div class=\"forminator-ui forminator-custom-form forminator-custom-form-3454   forminator_ajax\" data-forminator-render=\"0\" data-form=\"forminator-module-3454\" data-uid=\"69f0ded94dddb\"><br\/><\/div><form\n\t\t\t\tid=\"forminator-module-3454\"\n\t\t\t\tclass=\"forminator-ui forminator-custom-form forminator-custom-form-3454   forminator_ajax\"\n\t\t\t\tmethod=\"post\"\n\t\t\t\tdata-forminator-render=\"0\"\n\t\t\t\tdata-form-id=\"3454\"\n\t\t\t\tenctype=\"multipart\/form-data\" data-color-option=\"theme\" data-design=\"none\" data-grid=\"open\" style=\"display: none;\"\n\t\t\t\tdata-uid=\"69f0ded94dddb\" action=\"\"\n\t\t\t><div role=\"alert\" aria-live=\"polite\" class=\"forminator-response-message forminator-error\" aria-hidden=\"true\"><\/div><div class=\"forminator-row\"><div id=\"name-1\" class=\"forminator-field-name forminator-col forminator-col-12\"><div class=\"forminator-field\"><label for=\"forminator-field-name-1_69f0ded94dddb\" id=\"forminator-field-name-1_69f0ded94dddb-label\" class=\"forminator-label\">Name<\/label><input type=\"text\" name=\"name-1\" value=\"\" placeholder=\"\" id=\"forminator-field-name-1_69f0ded94dddb\" class=\"forminator-input forminator-name--field\" aria-required=\"false\" autocomplete=\"name\" \/><\/div><\/div><\/div><div class=\"forminator-row\"><div id=\"email-1\" class=\"forminator-field-email forminator-col forminator-col-12\"><div class=\"forminator-field\"><label for=\"forminator-field-email-1_69f0ded94dddb\" id=\"forminator-field-email-1_69f0ded94dddb-label\" class=\"forminator-label\">Email address<\/label><input type=\"email\" name=\"email-1\" value=\"\" placeholder=\"\" id=\"forminator-field-email-1_69f0ded94dddb\" class=\"forminator-input forminator-email--field\" data-required=\"\" aria-required=\"false\" autocomplete=\"email\" \/><\/div><\/div><\/div><div class=\"forminator-row\"><div id=\"upload-1\" class=\"forminator-field-upload forminator-col forminator-col-12\"><div class=\"forminator-field\"><label for=\"forminator-field-upload-1_69f0ded94dddb\" id=\"forminator-field-upload-1_69f0ded94dddb-label\" class=\"forminator-label\">Upload file<\/label><div class=\"forminator-multi-upload\" data-element=\"upload-1_69f0ded94dddb\"><input type=\"file\" name=\"upload-1[]\" id=\"forminator-field-upload-1_69f0ded94dddb\" class=\"forminator-input-file forminator-field-upload-1_69f0ded94dddb-3454\" multiple=\"multiple\" data-method=\"ajax\" data-size=\"25000000\" data-size-message=\"Maximum file size allowed is 25 MB. \"><button class=\"forminator-upload--remove\" style=\"display: none;\">Remove<\/button><\/div><ul class=\"forminator-uploaded-files upload-container-upload-1_69f0ded94dddb\"><\/ul><\/div><\/div><\/div><div class=\"forminator-row\"><div id=\"textarea-1\" class=\"forminator-field-textarea forminator-col forminator-col-12\"><div class=\"forminator-field\"><label for=\"forminator-field-textarea-1_69f0ded94dddb\" id=\"forminator-field-textarea-1_69f0ded94dddb-label\" class=\"forminator-label\">Message<\/label><textarea name=\"textarea-1\" placeholder=\"\" id=\"forminator-field-textarea-1_69f0ded94dddb\" class=\"forminator-textarea\" rows=\"6\" style=\"--forminator-textarea-min-height:140px;\" ><\/textarea><\/div><\/div><\/div><div class=\"forminator-row\"><div id=\"checkbox-1\" class=\"forminator-field-checkbox forminator-col forminator-col-12\"><div role=\"group\" class=\"forminator-field required\" aria-labelledby=\"forminator-checkbox-group-forminator-field-checkbox-1-69f0ded94dddb-label\"><span id=\"forminator-checkbox-group-forminator-field-checkbox-1-69f0ded94dddb-label\" class=\"forminator-label\">Caja <span class=\"forminator-required\">*<\/span><\/span><label id=\"forminator-field-checkbox-1-1-69f0ded94dddb-label\" for=\"forminator-field-checkbox-1-1-69f0ded94dddb\" class=\"forminator-checkbox\" title=\"Acepto los t\u00e9rminos y condiciones\"><input type=\"checkbox\" name=\"checkbox-1[]\" value=\"one\" id=\"forminator-field-checkbox-1-1-69f0ded94dddb\" aria-labelledby=\"forminator-field-checkbox-1-1-69f0ded94dddb-label\" data-calculation=\"0\"   data-hidden-behavior=\"zero\"\/><span class=\"forminator-checkbox-box\" aria-hidden=\"true\"><\/span><span class=\"forminator-checkbox-label\">Acepto los t\u00e9rminos y condiciones<\/span><\/label><\/div><\/div><\/div><input type=\"hidden\" name=\"referer_url\" value=\"\" \/><div class=\"forminator-row forminator-row-last\"><div class=\"forminator-col\"><div class=\"forminator-field\"><button class=\"forminator-button forminator-button-submit #forminator-module-2253 .forminator-button-submit:hover { background-color: #fff !important; color: #16A8AA !important; border: 2px solid #16A8AA !important; }\">Submit<\/button><\/div><\/div><\/div><input type=\"hidden\" id=\"forminator_nonce\" name=\"forminator_nonce\" value=\"16832bb8f8\" \/><input type=\"hidden\" name=\"_wp_http_referer\" value=\"\/en\/wp-json\/wp\/v2\/pages\/98\" \/><input type=\"hidden\" name=\"form_id\" value=\"3454\"><input type=\"hidden\" name=\"page_id\" value=\"98\"><input type=\"hidden\" name=\"form_type\" value=\"default\"><input type=\"hidden\" name=\"current_url\" value=\"https:\/\/martinezhernandezfinancialconsulting.com\/en\/contactanos\/\"><input type=\"hidden\" name=\"render_id\" value=\"0\"><input type=\"hidden\" name=\"forminator-multifile-hidden\" class=\"forminator-multifile-hidden\"><input type=\"hidden\" name=\"action\" value=\"forminator_submit_form_custom-forms\"><input type=\"hidden\" name=\"trp-form-language\" value=\"en\"\/><\/form>\n\n<\/div>\n\t\t\t\t\t\t<\/div>\n\t\t\t\t<div class=\"elementor-element elementor-element-53b0ddb elementor-align-justify elementor-widget elementor-widget-button\" data-id=\"53b0ddb\" data-element_type=\"widget\" data-e-type=\"widget\" data-widget_type=\"button.default\">\n\t\t\t\t\t\t\t\t\t\t<a class=\"elementor-button elementor-button-link elementor-size-sm\" href=\"https:\/\/checkout.square.site\/merchant\/MLZH9A3P8Y36H\/checkout\/M4XJ3OE4R7E4ONCAHYKF6QHZ\">\n\t\t\t\t\t\t<span class=\"elementor-button-content-wrapper\">\n\t\t\t\t\t\t\t\t\t<span class=\"elementor-button-text\">Pay Now<\/span>\n\t\t\t\t\t<\/span>\n\t\t\t\t\t<\/a>\n\t\t\t\t\t\t\t\t<\/div>\n\t\t\t\t<\/div>\n\t\t<div class=\"elementor-element elementor-element-895d916 e-con-full e-flex e-con e-child\" data-id=\"895d916\" data-element_type=\"container\" data-e-type=\"container\">\n\t\t\t\t<div class=\"elementor-element elementor-element-36a7da27 animated-slow elementor-invisible elementor-widget elementor-widget-heading\" data-id=\"36a7da27\" data-element_type=\"widget\" data-e-type=\"widget\" data-settings=\"{&quot;_animation&quot;:&quot;fadeInUp&quot;}\" data-widget_type=\"heading.default\">\n\t\t\t\t\t<h3 class=\"elementor-heading-title elementor-size-default\">Contact us!<\/h3>\t\t\t\t<\/div>\n\t\t\t\t<div class=\"elementor-element elementor-element-7ba7a45c elementor-widget elementor-widget-text-editor\" data-id=\"7ba7a45c\" data-element_type=\"widget\" data-e-type=\"widget\" data-widget_type=\"text-editor.default\">\n\t\t\t\t\t\t\t\t\t<p>At Martinez &amp; Hernandez Financial Consulting, we are here to answer your questions, guide you with your needs, and provide the personalized support you deserve.<\/p><p>Whether you need assistance with taxes, immigration, real estate, business services, legal translations, notary services, r\u00e9sum\u00e9 creation, or credit repair, our team is ready to help.<\/p><p>Don\u2019t wait any longer \u2014 contact us today and let\u2019s work together to achieve your goals with professionalism and trust.<\/p>\t\t\t\t\t\t\t\t<\/div>\n\t\t\t\t<div class=\"elementor-element elementor-element-14801b67 elementor-position-inline-start elementor-mobile-position-inline-start elementor-view-default elementor-widget elementor-widget-icon-box\" data-id=\"14801b67\" data-element_type=\"widget\" data-e-type=\"widget\" data-widget_type=\"icon-box.default\">\n\t\t\t\t\t\t\t<div class=\"elementor-icon-box-wrapper\">\n\n\t\t\t\t\t\t<div class=\"elementor-icon-box-icon\">\n\t\t\t\t<span  class=\"elementor-icon\">\n\t\t\t\t<i aria-hidden=\"true\" class=\"icon icon-phone-call2\"><\/i>\t\t\t\t<\/span>\n\t\t\t<\/div>\n\t\t\t\n\t\t\t\t\t\t<div class=\"elementor-icon-box-content\">\n\n\t\t\t\t\t\t\t\t\t<h4 class=\"elementor-icon-box-title\">\n\t\t\t\t\t\t<span  >\n\t\t\t\t\t\t\tCall us\t\t\t\t\t\t<\/span>\n\t\t\t\t\t<\/h4>\n\t\t\t\t\n\t\t\t\t\t\t\t\t\t<p class=\"elementor-icon-box-description\">\n\t\t\t\t\t\t<a href=\"tel:+14076745788\" style=\"color:#00B6D6;text-decoration:none\">\n   +1 (407) 674-5788\n<\/a>\n\t\t\t\t\t<\/p>\n\t\t\t\t\n\t\t\t<\/div>\n\t\t\t\n\t\t<\/div>\n\t\t\t\t\t\t<\/div>\n\t\t\t\t<div class=\"elementor-element elementor-element-258f0204 elementor-position-inline-start elementor-mobile-position-inline-start elementor-view-default elementor-widget elementor-widget-icon-box\" data-id=\"258f0204\" data-element_type=\"widget\" data-e-type=\"widget\" data-widget_type=\"icon-box.default\">\n\t\t\t\t\t\t\t<div class=\"elementor-icon-box-wrapper\">\n\n\t\t\t\t\t\t<div class=\"elementor-icon-box-icon\">\n\t\t\t\t<span  class=\"elementor-icon\">\n\t\t\t\t<i aria-hidden=\"true\" class=\"icon icon-email\"><\/i>\t\t\t\t<\/span>\n\t\t\t<\/div>\n\t\t\t\n\t\t\t\t\t\t<div class=\"elementor-icon-box-content\">\n\n\t\t\t\t\t\t\t\t\t<h4 class=\"elementor-icon-box-title\">\n\t\t\t\t\t\t<span  >\n\t\t\t\t\t\t\tEmail\t\t\t\t\t\t<\/span>\n\t\t\t\t\t<\/h4>\n\t\t\t\t\n\t\t\t\t\t\t\t\t\t<p class=\"elementor-icon-box-description\">\n\t\t\t\t\t\t<a href=\"mailto:manuel@martinezhernandezfinancialconsulting.com\" style=\"text-decoration: none\">\nmanuel@martinezhernandezfinancial<br>consulting.com \n<\/a>\n\t\t\t\t\t<\/p>\n\t\t\t\t\n\t\t\t<\/div>\n\t\t\t\n\t\t<\/div>\n\t\t\t\t\t\t<\/div>\n\t\t\t\t<div class=\"elementor-element elementor-element-f09cb7a elementor-position-inline-start elementor-mobile-position-inline-start elementor-view-default elementor-widget elementor-widget-icon-box\" data-id=\"f09cb7a\" data-element_type=\"widget\" data-e-type=\"widget\" data-widget_type=\"icon-box.default\">\n\t\t\t\t\t\t\t<div class=\"elementor-icon-box-wrapper\">\n\n\t\t\t\t\t\t<div class=\"elementor-icon-box-icon\">\n\t\t\t\t<a href=\"http:\/\/Saint%20Cloud,%20FL%2034772%20United%20States\" class=\"elementor-icon\" tabindex=\"-1\" aria-label=\"Direccion\">\n\t\t\t\t<i aria-hidden=\"true\" class=\"icon icon-placeholder2\"><\/i>\t\t\t\t<\/a>\n\t\t\t<\/div>\n\t\t\t\n\t\t\t\t\t\t<div class=\"elementor-icon-box-content\">\n\n\t\t\t\t\t\t\t\t\t<h5 class=\"elementor-icon-box-title\">\n\t\t\t\t\t\t<a href=\"http:\/\/Saint%20Cloud,%20FL%2034772%20United%20States\" >\n\t\t\t\t\t\t\tDireccion\t\t\t\t\t\t<\/a>\n\t\t\t\t\t<\/h5>\n\t\t\t\t\n\t\t\t\t\t\t\t\t\t<p class=\"elementor-icon-box-description\">\n\t\t\t\t\t\t<a href=\"https:\/\/www.google.com\/maps?q=Saint+Cloud,+FL+34772,+United+States\" target=\"_blank\" style=\"color:#00B6D6;text-decoration:none\">\n   Saint Cloud, FL 34772, United States\n<\/a>\t\t\t\t\t<\/p>\n\t\t\t\t\n\t\t\t<\/div>\n\t\t\t\n\t\t<\/div>\n\t\t\t\t\t\t<\/div>\n\t\t\t\t<\/div>\n\t\t\t\t\t<\/div>\n\t\t\t\t<\/div>\n\t\t<div class=\"elementor-element elementor-element-3fe726d0 e-con-full e-flex e-con e-parent\" data-id=\"3fe726d0\" data-element_type=\"container\" data-e-type=\"container\">\n\t\t\t\t<div class=\"elementor-element elementor-element-5581e762 elementor-widget elementor-widget-google_maps\" data-id=\"5581e762\" data-element_type=\"widget\" data-e-type=\"widget\" data-widget_type=\"google_maps.default\">\n\t\t\t\t\t\t\t<div class=\"elementor-custom-embed\">\n\t\t\t<iframe loading=\"lazy\"\n\t\t\t\t\tsrc=\"https:\/\/maps.google.com\/maps?q=Saint%20Cloud%2C%20FL%2034772%20United%20States&#038;t=m&#038;z=13&#038;output=embed&#038;iwloc=near\"\n\t\t\t\t\ttitle=\"Saint Cloud, FL 34772 United States\"\n\t\t\t\t\taria-label=\"Saint Cloud, FL 34772 United States\"\n\t\t\t><\/iframe>\n\t\t<\/div>\n\t\t\t\t\t\t<\/div>\n\t\t\t\t<\/div>\n\t\t\t\t<\/div>","protected":false},"excerpt":{"rendered":"<p>Env\u00edanos un mensaje Pagar ahora \u00a1Cont\u00e1ctanos! En Martinez &amp; Hernandez Financial Consulting, estamos aqu\u00ed para responder sus preguntas, asesorarle en sus necesidades y brindarle el apoyo personalizado que usted merece. Ya sea que necesite ayuda con impuestos, inmigraci\u00f3n, bienes ra\u00edces, servicios para empresas, traducciones legales, servicios notariales, creaci\u00f3n de curr\u00edculums o reparaci\u00f3n de cr\u00e9dito, nuestro [&hellip;]<\/p>\n","protected":false},"author":1,"featured_media":0,"parent":0,"menu_order":0,"comment_status":"closed","ping_status":"closed","template":"elementor_header_footer","meta":{"footnotes":""},"class_list":["post-98","page","type-page","status-publish","hentry"],"_links":{"self":[{"href":"https:\/\/martinezhernandezfinancialconsulting.com\/en\/wp-json\/wp\/v2\/pages\/98","targetHints":{"allow":["GET"]}}],"collection":[{"href":"https:\/\/martinezhernandezfinancialconsulting.com\/en\/wp-json\/wp\/v2\/pages"}],"about":[{"href":"https:\/\/martinezhernandezfinancialconsulting.com\/en\/wp-json\/wp\/v2\/types\/page"}],"author":[{"embeddable":true,"href":"https:\/\/martinezhernandezfinancialconsulting.com\/en\/wp-json\/wp\/v2\/users\/1"}],"replies":[{"embeddable":true,"href":"https:\/\/martinezhernandezfinancialconsulting.com\/en\/wp-json\/wp\/v2\/comments?post=98"}],"version-history":[{"count":279,"href":"https:\/\/martinezhernandezfinancialconsulting.com\/en\/wp-json\/wp\/v2\/pages\/98\/revisions"}],"predecessor-version":[{"id":4435,"href":"https:\/\/martinezhernandezfinancialconsulting.com\/en\/wp-json\/wp\/v2\/pages\/98\/revisions\/4435"}],"wp:attachment":[{"href":"https:\/\/martinezhernandezfinancialconsulting.com\/en\/wp-json\/wp\/v2\/media?parent=98"}],"curies":[{"name":"wp","href":"https:\/\/api.w.org\/{rel}","templated":true}]}}