{"id":3610,"date":"2025-10-02T21:04:56","date_gmt":"2025-10-02T21:04:56","guid":{"rendered":"https:\/\/martinezhernandezfinancialconsulting.com\/?page_id=3610"},"modified":"2025-10-30T03:06:16","modified_gmt":"2025-10-30T03:06:16","slug":"mas-que-numeros-consejos-para-ti","status":"publish","type":"page","link":"https:\/\/martinezhernandezfinancialconsulting.com\/en\/mas-que-numeros-consejos-para-ti\/","title":{"rendered":"Learn with us"},"content":{"rendered":"\t\t<div data-elementor-type=\"wp-page\" data-elementor-id=\"3610\" class=\"elementor elementor-3610\" data-elementor-post-type=\"page\">\n\t\t\t\t<div class=\"elementor-element elementor-element-2373dac7 e-flex e-con-boxed e-con e-parent\" data-id=\"2373dac7\" data-element_type=\"container\" data-e-type=\"container\" data-settings=\"{&quot;background_background&quot;:&quot;classic&quot;}\">\n\t\t\t\t\t<div class=\"e-con-inner\">\n\t\t\t\t<div class=\"elementor-element elementor-element-49e8746 elementor-widget elementor-widget-heading\" data-id=\"49e8746\" data-element_type=\"widget\" data-e-type=\"widget\" data-widget_type=\"heading.default\">\n\t\t\t\t\t<h2 class=\"elementor-heading-title elementor-size-default\">Aprende con Nosotros! <br>\n<\/h2>\t\t\t\t<\/div>\n\t\t\t\t<div class=\"elementor-element elementor-element-1e0872b7 elementor-widget elementor-widget-text-editor\" data-id=\"1e0872b7\" data-element_type=\"widget\" data-e-type=\"widget\" data-widget_type=\"text-editor.default\">\n\t\t\t\t\t\t\t\t\t<p><a href=\"#\">Inicio<\/a> \/ Aprende con Nosotros<\/p>\t\t\t\t\t\t\t\t<\/div>\n\t\t\t\t\t<\/div>\n\t\t\t\t<\/div>\n\t\t<div class=\"elementor-element elementor-element-7c6b29c3 e-flex e-con-boxed e-con e-parent\" data-id=\"7c6b29c3\" data-element_type=\"container\" data-e-type=\"container\">\n\t\t\t\t\t<div class=\"e-con-inner\">\n\t\t\t\t<div class=\"elementor-element elementor-element-4c30f36e elementor-widget elementor-widget-heading\" data-id=\"4c30f36e\" data-element_type=\"widget\" data-e-type=\"widget\" data-widget_type=\"heading.default\">\n\t\t\t\t\t<div class=\"elementor-heading-title elementor-size-default\">Aprende con Nosotros<\/div>\t\t\t\t<\/div>\n\t\t\t\t<div class=\"elementor-element elementor-element-43dc1360 animated-slow elementor-invisible elementor-widget elementor-widget-heading\" data-id=\"43dc1360\" data-element_type=\"widget\" data-e-type=\"widget\" data-settings=\"{&quot;_animation&quot;:&quot;fadeInUp&quot;}\" data-widget_type=\"heading.default\">\n\t\t\t\t\t<h3 class=\"elementor-heading-title elementor-size-default\">Martinez &amp; Hernandez Financial Consulting: M\u00e1s que N\u00fameros, Somos los Aliados del Latino en Florida<\/h3>\t\t\t\t<\/div>\n\t\t\t\t<div class=\"elementor-element elementor-element-28e29bfd elementor-widget__width-initial elementor-widget elementor-widget-text-editor\" data-id=\"28e29bfd\" data-element_type=\"widget\" data-e-type=\"widget\" data-widget_type=\"text-editor.default\">\n\t\t\t\t\t\t\t\t\t<h4>Navegue sus Finanzas y Legalidad con Expertos<\/h4><p>&#8220;\u00a1Bienvenido al espacio de la comunidad latina que busca <b>soluciones firmes y seguras<\/b> en Florida<\/p>\t\t\t\t\t\t\t\t<\/div>\n\t\t\t\t\t<\/div>\n\t\t\t\t<\/div>\n\t\t<div class=\"elementor-element elementor-element-633e8de e-flex e-con-boxed e-con e-parent\" data-id=\"633e8de\" data-element_type=\"container\" data-e-type=\"container\" data-settings=\"{&quot;background_background&quot;:&quot;classic&quot;}\">\n\t\t\t\t\t<div class=\"e-con-inner\">\n\t\t\t\t<div class=\"elementor-element elementor-element-5cf2e33 elementor-widget elementor-widget-elementskit-blog-posts\" data-id=\"5cf2e33\" data-element_type=\"widget\" data-e-type=\"widget\" data-widget_type=\"elementskit-blog-posts.default\">\n\t\t\t\t\t<div class=\"ekit-wid-con\" >        <div id=\"post-items--5cf2e33\" class=\"row post-items\">\n                    <div class=\"col-md-12\">\n\n                                    <div class=\"elementskit-blog-block-post\">\n                        <div class=\"row no-gutters\">\n                            \n                            <div class=\"col-md-12 order-2\">\n                                <div class=\"elementskit-post-body \">\n                                    <div class=\"elementskit-entry-header\">\n                                        \n                                                                                            \t\t\t\t\t                                            \n                                            \n                                                                                            \t\t\t\t<h2 class=\"entry-title\">\n\t\t\t\t\t<a href=\"https:\/\/martinezhernandezfinancialconsulting.com\/en\/4219-2\/\">\n\t\t\t\t\t\t\t\t\t\t\t<\/a>\n\t\t\t\t<\/h2>\n\t\t\t                                                                                <\/div><!-- .elementskit-entry-header END -->\n\n                                                                            <div class=\"elementskit-post-footer\">\n                                                                                            <p>Feliz D\u00eda de Acci\u00f3n de Gracias | Martinez &#038; Hernandez Financial Consulting &#129415; Nuestro Coraz\u00f3n Lleno de Gratitud en este D\u00eda de Acci\u00f3n de Gracias Estimados miembros de nuestra gran familia, Al acercarse este D\u00eda de Acci\u00f3n de Gracias, Manuel, Milangela y todo el equipo de Martinez &#038; Hernandez Financial Consulting queremos tomarnos un momento [&hellip;]<\/p>\n                                                                                                                                <\/div><!-- .elementskit-post-footer END -->\n                                                                    <\/div><!-- .elementskit-post-body END -->\n                            <\/div>\n                        <\/div>\n                    <\/div><!-- .elementskit-blog-block-post .radius .gradient-bg END -->\n                \n            <\/div>\n                    <div class=\"col-md-12\">\n\n                                    <div class=\"elementskit-blog-block-post\">\n                        <div class=\"row no-gutters\">\n                                                            <div class=\"col-md-6 order-1\">\n                                    <a href=\"https:\/\/martinezhernandezfinancialconsulting.com\/en\/movimientos-fiscales-que-puedes-hacer-antes-del-31-de-diciembre-para-pagar-menos-impuestos-en-2026\/\" class=\"elementskit-entry-thumb\">\n                                        <img decoding=\"async\" src=\"https:\/\/martinezhernandezfinancialconsulting.com\/wp-content\/uploads\/2025\/11\/Untitled-Facebook-Ad1.webp\" alt=\"Movimientos fiscales que puedes hacer antes del 31 de diciembre para pagar menos impuestos en 2026\">\n                                    <\/a><!-- .elementskit-entry-thumb END -->\n                                <\/div>\n                            \n                            <div class=\"col-md-6 order-2\">\n                                <div class=\"elementskit-post-body \">\n                                    <div class=\"elementskit-entry-header\">\n                                        \n                                                                                            \t\t\t\t\t                                            \n                                            \n                                                                                            \t\t\t\t<h2 class=\"entry-title\">\n\t\t\t\t\t<a href=\"https:\/\/martinezhernandezfinancialconsulting.com\/en\/movimientos-fiscales-que-puedes-hacer-antes-del-31-de-diciembre-para-pagar-menos-impuestos-en-2026\/\">\n\t\t\t\t\t\tMovimientos fiscales que puedes hacer antes del 31 de diciembre para pagar menos impuestos en 2026\t\t\t\t\t<\/a>\n\t\t\t\t<\/h2>\n\t\t\t                                                                                <\/div><!-- .elementskit-entry-header END -->\n\n                                                                            <div class=\"elementskit-post-footer\">\n                                                                                            <p>Cada cierre de a\u00f1o representa una excelente oportunidad para optimizar la carga fiscal y aprovechar instrumentos legales que permiten reducir el pago de impuestos del pr\u00f3ximo ejercicio. En Mart\u00ednez &amp; Hern\u00e1ndez Financial Consulting, creemos que anticiparse es la clave para una planificaci\u00f3n tributaria s\u00f3lida, especialmente para emprendedores, profesionales independientes y empresas en crecimiento. A continuaci\u00f3n, [&hellip;]<\/p>\n                                                                                                                                <\/div><!-- .elementskit-post-footer END -->\n                                                                    <\/div><!-- .elementskit-post-body END -->\n                            <\/div>\n                        <\/div>\n                    <\/div><!-- .elementskit-blog-block-post .radius .gradient-bg END -->\n                \n            <\/div>\n                    <div class=\"col-md-12\">\n\n                                    <div class=\"elementskit-blog-block-post\">\n                        <div class=\"row no-gutters\">\n                                                            <div class=\"col-md-6 order-1\">\n                                    <a href=\"https:\/\/martinezhernandezfinancialconsulting.com\/en\/https-martinezhernandezfinancialconsulting-com-dhs-pone-fin-a-la-extension-automatica-de-autorizaciones-de-empleo\/\" class=\"elementskit-entry-thumb\">\n                                        <img decoding=\"async\" src=\"https:\/\/martinezhernandezfinancialconsulting.com\/wp-content\/uploads\/2025\/10\/DHS_TERMINA_resized_1200x628.webp\" alt=\"DHS pone fin a la extensi\u00f3n autom\u00e1tica de autorizaciones de empleo\">\n                                    <\/a><!-- .elementskit-entry-thumb END -->\n                                <\/div>\n                            \n                            <div class=\"col-md-6 order-2\">\n                                <div class=\"elementskit-post-body \">\n                                    <div class=\"elementskit-entry-header\">\n                                        \n                                                                                            \t\t\t\t\t                                            \n                                            \n                                                                                            \t\t\t\t<h2 class=\"entry-title\">\n\t\t\t\t\t<a href=\"https:\/\/martinezhernandezfinancialconsulting.com\/en\/https-martinezhernandezfinancialconsulting-com-dhs-pone-fin-a-la-extension-automatica-de-autorizaciones-de-empleo\/\">\n\t\t\t\t\t\tDHS pone fin a la extensi\u00f3n autom\u00e1tica de autorizaciones de empleo\t\t\t\t\t<\/a>\n\t\t\t\t<\/h2>\n\t\t\t                                                                                <\/div><!-- .elementskit-entry-header END -->\n\n                                                                            <div class=\"elementskit-post-footer\">\n                                                                                            <p>Nueva norma prioriza la verificaci\u00f3n y revisi\u00f3n para proteger la seguridad p\u00fablica y nacional WASHINGTON. \u2013 El Departamento de Seguridad Nacional (DHS, por sus siglas en ingl\u00e9s) anunci\u00f3 una regla final provisional que pone fin a la pr\u00e1ctica de extender autom\u00e1ticamente los Documentos de Autorizaci\u00f3n de Empleo (EAD) para los extranjeros que presentan solicitudes de [&hellip;]<\/p>\n                                                                                                                                <\/div><!-- .elementskit-post-footer END -->\n                                                                    <\/div><!-- .elementskit-post-body END -->\n                            <\/div>\n                        <\/div>\n                    <\/div><!-- .elementskit-blog-block-post .radius .gradient-bg END -->\n                \n            <\/div>\n                <\/div>\n       <\/div>\t\t\t\t<\/div>\n\t\t\t\t<div class=\"elementor-element elementor-element-d432f37 elementor-widget elementor-widget-heading\" data-id=\"d432f37\" data-element_type=\"widget\" data-e-type=\"widget\" data-widget_type=\"heading.default\">\n\t\t\t\t\t<h2 class=\"elementor-heading-title elementor-size-default\">Suscr\u00edbete a nuestro bolet\u00edn<\/h2>\t\t\t\t<\/div>\n\t\t\t\t\t<\/div>\n\t\t\t\t<\/div>\n\t\t<div class=\"elementor-element elementor-element-1cdfefb8 e-flex e-con-boxed e-con e-parent\" data-id=\"1cdfefb8\" data-element_type=\"container\" data-e-type=\"container\">\n\t\t\t\t\t<div class=\"e-con-inner\">\n\t\t<div class=\"elementor-element elementor-element-240e22a1 e-con-full e-flex e-con e-child\" data-id=\"240e22a1\" data-element_type=\"container\" data-e-type=\"container\">\n\t\t\t\t<\/div>\n\t\t\t\t<div class=\"elementor-element elementor-element-fba298f elementor-align-justify elementor-widget__width-inherit elementor-widget elementor-widget-button\" data-id=\"fba298f\" data-element_type=\"widget\" data-e-type=\"widget\" data-widget_type=\"button.default\">\n\t\t\t\t\t\t\t\t\t\t<a class=\"elementor-button elementor-button-link elementor-size-sm elementor-animation-float\" href=\"mailto:manuel@martinezhernandezfinancialconsulting.com\">\n\t\t\t\t\t\t<span class=\"elementor-button-content-wrapper\">\n\t\t\t\t\t\t<span class=\"elementor-button-icon\">\n\t\t\t\t<svg aria-hidden=\"true\" class=\"e-font-icon-svg e-fas-arrow-right\" viewBox=\"0 0 448 512\" xmlns=\"http:\/\/www.w3.org\/2000\/svg\"><path d=\"M190.5 66.9l22.2-22.2c9.4-9.4 24.6-9.4 33.9 0L441 239c9.4 9.4 9.4 24.6 0 33.9L246.6 467.3c-9.4 9.4-24.6 9.4-33.9 0l-22.2-22.2c-9.5-9.5-9.3-25 .4-34.3L311.4 296H24c-13.3 0-24-10.7-24-24v-32c0-13.3 10.7-24 24-24h287.4L190.9 101.2c-9.8-9.3-10-24.8-.4-34.3z\"><\/path><\/svg>\t\t\t<\/span>\n\t\t\t\t\t\t\t\t\t<span class=\"elementor-button-text\">Suscribir<\/span>\n\t\t\t\t\t<\/span>\n\t\t\t\t\t<\/a>\n\t\t\t\t\t\t\t\t<\/div>\n\t\t\t\t\t<\/div>\n\t\t\t\t<\/div>\n\t\t<div class=\"elementor-element elementor-element-6ea0aadb e-flex e-con-boxed e-con e-parent\" data-id=\"6ea0aadb\" data-element_type=\"container\" data-e-type=\"container\" data-settings=\"{&quot;background_background&quot;:&quot;classic&quot;}\">\n\t\t\t\t\t<div class=\"e-con-inner\">\n\t\t\t\t<div class=\"elementor-element elementor-element-537f1289 elementor-widget elementor-widget-heading\" data-id=\"537f1289\" data-element_type=\"widget\" data-e-type=\"widget\" data-widget_type=\"heading.default\">\n\t\t\t\t\t<h3 class=\"elementor-heading-title elementor-size-default\">Programa de Referidos<\/h3>\t\t\t\t<\/div>\n\t\t\t\t<div class=\"elementor-element elementor-element-34bb40a6 elementor-widget__width-initial elementor-widget elementor-widget-text-editor\" data-id=\"34bb40a6\" data-element_type=\"widget\" data-e-type=\"widget\" data-widget_type=\"text-editor.default\">\n\t\t\t\t\t\t\t\t\t<p>Recomienda a tus familiares y amigos y disfruta de recompensas exclusivas. P\u00eddenos m\u00e1s informaci\u00f3n.<\/p>\t\t\t\t\t\t\t\t<\/div>\n\t\t\t\t<div class=\"elementor-element elementor-element-526100c3 elementor-align-center elementor-widget elementor-widget-button\" data-id=\"526100c3\" data-element_type=\"widget\" data-e-type=\"widget\" data-widget_type=\"button.default\">\n\t\t\t\t\t\t\t\t\t\t<a class=\"elementor-button elementor-button-link elementor-size-sm elementor-animation-float\" href=\"mailto:manuel@martinezhernandezfinancialconsulting.com\">\n\t\t\t\t\t\t<span class=\"elementor-button-content-wrapper\">\n\t\t\t\t\t\t<span class=\"elementor-button-icon\">\n\t\t\t\t<svg aria-hidden=\"true\" class=\"e-font-icon-svg e-fas-arrow-right\" viewBox=\"0 0 448 512\" xmlns=\"http:\/\/www.w3.org\/2000\/svg\"><path d=\"M190.5 66.9l22.2-22.2c9.4-9.4 24.6-9.4 33.9 0L441 239c9.4 9.4 9.4 24.6 0 33.9L246.6 467.3c-9.4 9.4-24.6 9.4-33.9 0l-22.2-22.2c-9.5-9.5-9.3-25 .4-34.3L311.4 296H24c-13.3 0-24-10.7-24-24v-32c0-13.3 10.7-24 24-24h287.4L190.9 101.2c-9.8-9.3-10-24.8-.4-34.3z\"><\/path><\/svg>\t\t\t<\/span>\n\t\t\t\t\t\t\t\t\t<span class=\"elementor-button-text\">M\u00e1s informaci\u00f3n<\/span>\n\t\t\t\t\t<\/span>\n\t\t\t\t\t<\/a>\n\t\t\t\t\t\t\t\t<\/div>\n\t\t\t\t\t<\/div>\n\t\t\t\t<\/div>\n\t\t<div class=\"elementor-element elementor-element-fcec5cc e-flex e-con-boxed e-con e-parent\" data-id=\"fcec5cc\" data-element_type=\"container\" data-e-type=\"container\" data-settings=\"{&quot;background_background&quot;:&quot;classic&quot;}\">\n\t\t\t\t\t<div class=\"e-con-inner\">\n\t\t\t\t<div class=\"elementor-element elementor-element-cc08c3a elementor-widget elementor-widget-heading\" data-id=\"cc08c3a\" data-element_type=\"widget\" data-e-type=\"widget\" data-widget_type=\"heading.default\">\n\t\t\t\t\t<h3 class=\"elementor-heading-title elementor-size-default\">Mart\u00ednez &amp; Hern\u00e1ndez Financial Consulting<\/h3>\t\t\t\t<\/div>\n\t\t\t\t<div class=\"elementor-element elementor-element-12e5064 elementor-widget__width-initial elementor-widget elementor-widget-text-editor\" data-id=\"12e5064\" data-element_type=\"widget\" data-e-type=\"widget\" data-widget_type=\"text-editor.default\">\n\t\t\t\t\t\t\t\t\t<p>Somos m\u00e1s que simples n\u00fameros: somos tu aliado. Cont\u00e1ctanos hoy mismo para recibir una atenci\u00f3n personalizada.<\/p>\t\t\t\t\t\t\t\t<\/div>\n\t\t\t\t<div class=\"elementor-element elementor-element-b54588d elementor-align-center elementor-widget elementor-widget-button\" data-id=\"b54588d\" data-element_type=\"widget\" data-e-type=\"widget\" data-widget_type=\"button.default\">\n\t\t\t\t\t\t\t\t\t\t<a class=\"elementor-button elementor-button-link elementor-size-sm elementor-animation-float\" href=\"https:\/\/martinezhernandezfinancialconsulting.com\/contactanos\/\">\n\t\t\t\t\t\t<span class=\"elementor-button-content-wrapper\">\n\t\t\t\t\t\t<span class=\"elementor-button-icon\">\n\t\t\t\t<svg aria-hidden=\"true\" class=\"e-font-icon-svg e-fas-arrow-right\" viewBox=\"0 0 448 512\" xmlns=\"http:\/\/www.w3.org\/2000\/svg\"><path d=\"M190.5 66.9l22.2-22.2c9.4-9.4 24.6-9.4 33.9 0L441 239c9.4 9.4 9.4 24.6 0 33.9L246.6 467.3c-9.4 9.4-24.6 9.4-33.9 0l-22.2-22.2c-9.5-9.5-9.3-25 .4-34.3L311.4 296H24c-13.3 0-24-10.7-24-24v-32c0-13.3 10.7-24 24-24h287.4L190.9 101.2c-9.8-9.3-10-24.8-.4-34.3z\"><\/path><\/svg>\t\t\t<\/span>\n\t\t\t\t\t\t\t\t\t<span class=\"elementor-button-text\">Contactanos<\/span>\n\t\t\t\t\t<\/span>\n\t\t\t\t\t<\/a>\n\t\t\t\t\t\t\t\t<\/div>\n\t\t\t\t\t<\/div>\n\t\t\t\t<\/div>\n\t\t\t\t<\/div>\n\t\t","protected":false},"excerpt":{"rendered":"<p>Aprende con Nosotros! Inicio \/ Aprende con Nosotros Aprende con Nosotros Martinez &amp; Hernandez Financial Consulting: M\u00e1s que N\u00fameros, Somos los Aliados del Latino en Florida Navegue sus Finanzas y Legalidad con Expertos &#8220;\u00a1Bienvenido al espacio de la comunidad latina que busca soluciones firmes y seguras en Florida !Llega la Temporada de Inscripci\u00f3n Abierta 2026! [&hellip;]<\/p>\n","protected":false},"author":1,"featured_media":0,"parent":0,"menu_order":0,"comment_status":"closed","ping_status":"closed","template":"elementor_header_footer","meta":{"footnotes":""},"class_list":["post-3610","page","type-page","status-publish","hentry"],"_links":{"self":[{"href":"https:\/\/martinezhernandezfinancialconsulting.com\/en\/wp-json\/wp\/v2\/pages\/3610","targetHints":{"allow":["GET"]}}],"collection":[{"href":"https:\/\/martinezhernandezfinancialconsulting.com\/en\/wp-json\/wp\/v2\/pages"}],"about":[{"href":"https:\/\/martinezhernandezfinancialconsulting.com\/en\/wp-json\/wp\/v2\/types\/page"}],"author":[{"embeddable":true,"href":"https:\/\/martinezhernandezfinancialconsulting.com\/en\/wp-json\/wp\/v2\/users\/1"}],"replies":[{"embeddable":true,"href":"https:\/\/martinezhernandezfinancialconsulting.com\/en\/wp-json\/wp\/v2\/comments?post=3610"}],"version-history":[{"count":105,"href":"https:\/\/martinezhernandezfinancialconsulting.com\/en\/wp-json\/wp\/v2\/pages\/3610\/revisions"}],"predecessor-version":[{"id":4187,"href":"https:\/\/martinezhernandezfinancialconsulting.com\/en\/wp-json\/wp\/v2\/pages\/3610\/revisions\/4187"}],"wp:attachment":[{"href":"https:\/\/martinezhernandezfinancialconsulting.com\/en\/wp-json\/wp\/v2\/media?parent=3610"}],"curies":[{"name":"wp","href":"https:\/\/api.w.org\/{rel}","templated":true}]}}