{"id":3,"date":"2025-09-15T15:12:55","date_gmt":"2025-09-15T15:12:55","guid":{"rendered":"https:\/\/martinezhernandezfinancialconsulting.com\/?page_id=3"},"modified":"2025-10-15T22:25:37","modified_gmt":"2025-10-15T22:25:37","slug":"politica-de-privacidad","status":"publish","type":"page","link":"https:\/\/martinezhernandezfinancialconsulting.com\/en\/politica-de-privacidad\/","title":{"rendered":"Privacy Policy"},"content":{"rendered":"<div data-elementor-type=\"wp-page\" data-elementor-id=\"3\" class=\"elementor elementor-3\" data-elementor-post-type=\"page\">\n\t\t\t\t<div class=\"elementor-element elementor-element-2b4838a8 e-flex e-con-boxed e-con e-parent\" data-id=\"2b4838a8\" data-element_type=\"container\" data-e-type=\"container\">\n\t\t\t\t\t<div class=\"e-con-inner\">\n\t\t\t\t<div class=\"elementor-element elementor-element-b55057b elementor-widget elementor-widget-text-editor\" data-id=\"b55057b\" data-element_type=\"widget\" data-e-type=\"widget\" data-widget_type=\"text-editor.default\">\n\t\t\t\t\t\t\t\t\t<h2 class=\"wp-block-heading\">Qui\u00e9nes somos<\/h2>\n<p><!-- \/wp:heading --><!-- wp:paragraph --><\/p>\n<p data-start=\"235\" data-end=\"447\">At <strong data-start=\"238\" data-end=\"283\">Martinez &amp; Hernandez Financial Consulting<\/strong>, valoramos la confianza que depositan en nosotros nuestros clientes. Por ello, nos comprometemos a proteger la privacidad y seguridad de su informaci\u00f3n personal.<\/p>\n<p data-start=\"449\" data-end=\"793\">Somos una <strong data-start=\"459\" data-end=\"486\">firma de multiservicios<\/strong> con sede en <strong data-start=\"499\" data-end=\"521\">St. Cloud, Florida<\/strong>, dedicada a apoyar a familias, profesionales y negocios en todo Estados Unidos con soluciones en <strong data-start=\"619\" data-end=\"790\">preparaci\u00f3n de impuestos, inmigraci\u00f3n, bienes ra\u00edces, servicios notariales, reparaci\u00f3n de cr\u00e9dito, registro de empresas, traducciones legales y creaci\u00f3n de curr\u00edculums<\/strong>.<\/p>\n<p data-start=\"795\" data-end=\"1112\">La informaci\u00f3n que recopilamos se utiliza \u00fanicamente para brindarle los servicios solicitados, mejorar su experiencia como cliente y cumplir con nuestras obligaciones legales y fiscales. En ning\u00fan caso compartimos, vendemos o utilizamos sus datos personales para fines distintos a los establecidos en esta pol\u00edtica.<\/p>\n<p data-start=\"1114\" data-end=\"1302\">Nuestra misi\u00f3n es ofrecerle un servicio <strong data-start=\"1154\" data-end=\"1195\">confiable, profesional y transparente<\/strong>, asegurando que su informaci\u00f3n est\u00e9 siempre protegida bajo los m\u00e1s altos est\u00e1ndares de confidencialidad.<\/p>\n<p><!-- \/wp:paragraph --><!-- wp:heading --><\/p>\n<h2 class=\"wp-block-heading\">Comentarios<\/h2>\n<p><!-- \/wp:heading --><!-- wp:paragraph --><\/p>\n<p>At <strong data-start=\"217\" data-end=\"262\">Martinez &amp; Hernandez Financial Consulting<\/strong>, creemos que la mejor carta de presentaci\u00f3n son las experiencias de quienes han confiado en nosotros. Sus opiniones reflejan nuestro compromiso con la transparencia, la confianza y el servicio personalizado<\/p>\n<p><!-- \/wp:paragraph --><!-- wp:heading --><\/p>\n<h2 class=\"wp-block-heading\">Media<\/h2>\n<p><!-- \/wp:heading --><!-- wp:paragraph --><\/p>\n<p data-start=\"984\" data-end=\"1287\">At <strong data-start=\"1008\" data-end=\"1053\">Martinez &amp; Hernandez Financial Consulting<\/strong> creemos en la transparencia y cercan\u00eda con nuestra comunidad. Aqu\u00ed compartimos im\u00e1genes, videos y publicaciones que muestran qui\u00e9nes somos, lo que hacemos y c\u00f3mo apoyamos a familias, profesionales y negocios en todo Estados Unidos.<\/p>\n<p><!-- \/wp:paragraph --><!-- wp:heading --><\/p>\n<h2 class=\"wp-block-heading\">Cookies<\/h2>\n<p><!-- \/wp:heading --><!-- wp:paragraph --><\/p>\n<p>At <strong data-start=\"192\" data-end=\"237\">Martinez &amp; Hernandez Financial Consulting<\/strong> utilizamos cookies con el fin de mejorar la experiencia de navegaci\u00f3n en nuestro sitio web, ofrecer un servicio m\u00e1s eficiente y personalizar el contenido que usted visualiza.<\/p>\n<p><!-- \/wp:paragraph --><!-- wp:heading --><\/p>\n<p>\u00a0<\/p>\n<p><!-- \/wp:paragraph --><\/p>\t\t\t\t\t\t\t\t<\/div>\n\t\t\t\t<div class=\"elementor-element elementor-element-b7972da elementor-widget elementor-widget-heading\" data-id=\"b7972da\" data-element_type=\"widget\" data-e-type=\"widget\" data-widget_type=\"heading.default\">\n\t\t\t\t\t<h3 class=\"elementor-heading-title elementor-size-default\">About immigration services<\/h3>\t\t\t\t<\/div>\n\t\t\t\t\t<\/div>\n\t\t\t\t<\/div>\n\t\t\t\t<\/div>","protected":false},"excerpt":{"rendered":"<p>Qui\u00e9nes somos En Martinez &amp; Hernandez Financial Consulting, valoramos la confianza que depositan en nosotros nuestros clientes. Por ello, nos comprometemos a proteger la privacidad y seguridad de su informaci\u00f3n personal. Somos una firma de multiservicios con sede en St. Cloud, Florida, dedicada a apoyar a familias, profesionales y negocios en todo Estados Unidos con [&hellip;]<\/p>\n","protected":false},"author":1,"featured_media":0,"parent":0,"menu_order":0,"comment_status":"closed","ping_status":"closed","template":"elementor_header_footer","meta":{"footnotes":""},"class_list":["post-3","page","type-page","status-publish","hentry"],"_links":{"self":[{"href":"https:\/\/martinezhernandezfinancialconsulting.com\/en\/wp-json\/wp\/v2\/pages\/3","targetHints":{"allow":["GET"]}}],"collection":[{"href":"https:\/\/martinezhernandezfinancialconsulting.com\/en\/wp-json\/wp\/v2\/pages"}],"about":[{"href":"https:\/\/martinezhernandezfinancialconsulting.com\/en\/wp-json\/wp\/v2\/types\/page"}],"author":[{"embeddable":true,"href":"https:\/\/martinezhernandezfinancialconsulting.com\/en\/wp-json\/wp\/v2\/users\/1"}],"replies":[{"embeddable":true,"href":"https:\/\/martinezhernandezfinancialconsulting.com\/en\/wp-json\/wp\/v2\/comments?post=3"}],"version-history":[{"count":11,"href":"https:\/\/martinezhernandezfinancialconsulting.com\/en\/wp-json\/wp\/v2\/pages\/3\/revisions"}],"predecessor-version":[{"id":3404,"href":"https:\/\/martinezhernandezfinancialconsulting.com\/en\/wp-json\/wp\/v2\/pages\/3\/revisions\/3404"}],"wp:attachment":[{"href":"https:\/\/martinezhernandezfinancialconsulting.com\/en\/wp-json\/wp\/v2\/media?parent=3"}],"curies":[{"name":"wp","href":"https:\/\/api.w.org\/{rel}","templated":true}]}}