{"id":1934,"date":"2025-09-19T16:06:19","date_gmt":"2025-09-19T16:06:19","guid":{"rendered":"https:\/\/martinezhernandezfinancialconsulting.com\/?page_id=1934"},"modified":"2025-12-30T11:11:00","modified_gmt":"2025-12-30T11:11:00","slug":"sobre-nosotras","status":"publish","type":"page","link":"https:\/\/martinezhernandezfinancialconsulting.com\/en\/sobre-nosotras\/","title":{"rendered":"About us"},"content":{"rendered":"<div data-elementor-type=\"wp-page\" data-elementor-id=\"1934\" class=\"elementor elementor-1934\" data-elementor-post-type=\"page\">\n\t\t\t\t<div class=\"elementor-element elementor-element-79450dc1 e-flex e-con-boxed e-con e-parent\" data-id=\"79450dc1\" data-element_type=\"container\" data-e-type=\"container\" data-settings=\"{&quot;background_background&quot;:&quot;classic&quot;}\">\n\t\t\t\t\t<div class=\"e-con-inner\">\n\t\t\t\t\t<\/div>\n\t\t\t\t<\/div>\n\t\t<div class=\"elementor-element elementor-element-27b6b8d6 e-flex e-con-boxed e-con e-parent\" data-id=\"27b6b8d6\" data-element_type=\"container\" data-e-type=\"container\">\n\t\t\t\t\t<div class=\"e-con-inner\">\n\t\t<div class=\"elementor-element elementor-element-33bb58a8 e-con-full animated-slow e-flex elementor-invisible e-con e-child\" data-id=\"33bb58a8\" data-element_type=\"container\" data-e-type=\"container\" data-settings=\"{&quot;animation&quot;:&quot;fadeInLeft&quot;}\">\n\t\t\t\t<div class=\"elementor-element elementor-element-462cb887 elementor-widget elementor-widget-image\" data-id=\"462cb887\" data-element_type=\"widget\" data-e-type=\"widget\" data-widget_type=\"image.default\">\n\t\t\t\t\t\t\t\t\t\t\t\t\t\t\t<img fetchpriority=\"high\" decoding=\"async\" width=\"1829\" height=\"2560\" src=\"https:\/\/martinezhernandezfinancialconsulting.com\/wp-content\/uploads\/2025\/09\/businessmen-working-strategic-planning-scaled.jpg\" class=\"attachment-full size-full wp-image-1803\" alt=\"\" srcset=\"https:\/\/martinezhernandezfinancialconsulting.com\/wp-content\/uploads\/2025\/09\/businessmen-working-strategic-planning-scaled.jpg 1829w, https:\/\/martinezhernandezfinancialconsulting.com\/wp-content\/uploads\/2025\/09\/businessmen-working-strategic-planning-214x300.jpg 214w, https:\/\/martinezhernandezfinancialconsulting.com\/wp-content\/uploads\/2025\/09\/businessmen-working-strategic-planning-732x1024.jpg 732w, https:\/\/martinezhernandezfinancialconsulting.com\/wp-content\/uploads\/2025\/09\/businessmen-working-strategic-planning-768x1075.jpg 768w, https:\/\/martinezhernandezfinancialconsulting.com\/wp-content\/uploads\/2025\/09\/businessmen-working-strategic-planning-1097x1536.jpg 1097w, https:\/\/martinezhernandezfinancialconsulting.com\/wp-content\/uploads\/2025\/09\/businessmen-working-strategic-planning-1463x2048.jpg 1463w\" sizes=\"(max-width: 1829px) 100vw, 1829px\" \/>\t\t\t\t\t\t\t\t\t\t\t\t\t\t\t<\/div>\n\t\t\t\t<\/div>\n\t\t<div class=\"elementor-element elementor-element-164f9daa e-con-full e-flex e-con e-child\" data-id=\"164f9daa\" data-element_type=\"container\" data-e-type=\"container\">\n\t\t\t\t<div class=\"elementor-element elementor-element-652a3c68 elementor-widget elementor-widget-heading\" data-id=\"652a3c68\" data-element_type=\"widget\" data-e-type=\"widget\" data-widget_type=\"heading.default\">\n\t\t\t\t\t<div class=\"elementor-heading-title elementor-size-default\">ABOUT THE COMPANY<\/div>\t\t\t\t<\/div>\n\t\t\t\t<div class=\"elementor-element elementor-element-1ee587d4 animated-slow elementor-widget__width-initial elementor-invisible elementor-widget elementor-widget-heading\" data-id=\"1ee587d4\" data-element_type=\"widget\" data-e-type=\"widget\" data-settings=\"{&quot;_animation&quot;:&quot;fadeInUp&quot;}\" data-widget_type=\"heading.default\">\n\t\t\t\t\t<h3 class=\"elementor-heading-title elementor-size-default\">Your partner for success<\/h3>\t\t\t\t<\/div>\n\t\t\t\t<div class=\"elementor-element elementor-element-1d40ff3d elementor-widget elementor-widget-text-editor\" data-id=\"1d40ff3d\" data-element_type=\"widget\" data-e-type=\"widget\" data-widget_type=\"text-editor.default\">\n\t\t\t\t\t\t\t\t\t<p>At Martinez &amp; Hernandez Financial Consulting, we are more than just a multi-service company \u2014 we are your ally.Our commitment goes beyond paperwork and procedures; every day, we work to support the success of our community across the United States, offering reliable and personalized solutions that truly make a difference.<\/p><p>From our headquarters in St. Cloud, Florida, we serve families, professionals, and businesses with a human approach that is transparent and results-oriented.<\/p>\t\t\t\t\t\t\t\t<\/div>\n\t\t<div class=\"elementor-element elementor-element-2eb4782f e-con-full e-flex e-con e-child\" data-id=\"2eb4782f\" data-element_type=\"container\" data-e-type=\"container\">\n\t\t<div class=\"elementor-element elementor-element-8172f73 e-con-full e-flex e-con e-child\" data-id=\"8172f73\" data-element_type=\"container\" data-e-type=\"container\">\n\t\t\t\t<div class=\"elementor-element elementor-element-6bf0febb elementor-widget elementor-widget-heading\" data-id=\"6bf0febb\" data-element_type=\"widget\" data-e-type=\"widget\" data-widget_type=\"heading.default\">\n\t\t\t\t\t<h4 class=\"elementor-heading-title elementor-size-default\">Our Mission\n<\/h4>\t\t\t\t<\/div>\n\t\t\t\t<div class=\"elementor-element elementor-element-774d5b59 elementor-icon-list--layout-traditional elementor-list-item-link-full_width elementor-widget elementor-widget-icon-list\" data-id=\"774d5b59\" data-element_type=\"widget\" data-e-type=\"widget\" data-widget_type=\"icon-list.default\">\n\t\t\t\t\t\t\t<ul class=\"elementor-icon-list-items\">\n\t\t\t\t\t\t\t<li class=\"elementor-icon-list-item\">\n\t\t\t\t\t\t\t\t\t\t\t<span class=\"elementor-icon-list-icon\">\n\t\t\t\t\t\t\t<svg aria-hidden=\"true\" class=\"e-font-icon-svg e-fas-angle-right\" viewbox=\"0 0 256 512\" xmlns=\"http:\/\/www.w3.org\/2000\/svg\"><path d=\"M224.3 273l-136 136c-9.4 9.4-24.6 9.4-33.9 0l-22.6-22.6c-9.4-9.4-9.4-24.6 0-33.9l96.4-96.4-96.4-96.4c-9.4-9.4-9.4-24.6 0-33.9L54.3 103c9.4-9.4 24.6-9.4 33.9 0l136 136c9.5 9.4 9.5 24.6.1 34z\"><\/path><\/svg>\t\t\t\t\t\t<\/span>\n\t\t\t\t\t\t\t\t\t\t<span class=\"elementor-icon-list-text\">To provide every client with the peace of mind and security of having a team that understands their needs and delivers clear, fast, and effective solutions.<\/span>\n\t\t\t\t\t\t\t\t\t<\/li>\n\t\t\t\t\t\t<\/ul>\n\t\t\t\t\t\t<\/div>\n\t\t\t\t<\/div>\n\t\t<div class=\"elementor-element elementor-element-408ff92f e-con-full e-flex e-con e-child\" data-id=\"408ff92f\" data-element_type=\"container\" data-e-type=\"container\">\n\t\t\t\t<div class=\"elementor-element elementor-element-17bb71c6 elementor-widget elementor-widget-heading\" data-id=\"17bb71c6\" data-element_type=\"widget\" data-e-type=\"widget\" data-widget_type=\"heading.default\">\n\t\t\t\t\t<h4 class=\"elementor-heading-title elementor-size-default\">Our Values\n<\/h4>\t\t\t\t<\/div>\n\t\t\t\t<div class=\"elementor-element elementor-element-2a77288 elementor-icon-list--layout-traditional elementor-list-item-link-full_width elementor-widget elementor-widget-icon-list\" data-id=\"2a77288\" data-element_type=\"widget\" data-e-type=\"widget\" data-widget_type=\"icon-list.default\">\n\t\t\t\t\t\t\t<ul class=\"elementor-icon-list-items\">\n\t\t\t\t\t\t\t<li class=\"elementor-icon-list-item\">\n\t\t\t\t\t\t\t\t\t\t\t<span class=\"elementor-icon-list-icon\">\n\t\t\t\t\t\t\t<svg aria-hidden=\"true\" class=\"e-font-icon-svg e-fas-angle-right\" viewbox=\"0 0 256 512\" xmlns=\"http:\/\/www.w3.org\/2000\/svg\"><path d=\"M224.3 273l-136 136c-9.4 9.4-24.6 9.4-33.9 0l-22.6-22.6c-9.4-9.4-9.4-24.6 0-33.9l96.4-96.4-96.4-96.4c-9.4-9.4-9.4-24.6 0-33.9L54.3 103c9.4-9.4 24.6-9.4 33.9 0l136 136c9.5 9.4 9.5 24.6.1 34z\"><\/path><\/svg>\t\t\t\t\t\t<\/span>\n\t\t\t\t\t\t\t\t\t\t<span class=\"elementor-icon-list-text\">Commitment: We are with you at every important step.<\/span>\n\t\t\t\t\t\t\t\t\t<\/li>\n\t\t\t\t\t\t\t\t<li class=\"elementor-icon-list-item\">\n\t\t\t\t\t\t\t\t\t\t\t<span class=\"elementor-icon-list-icon\">\n\t\t\t\t\t\t\t<svg aria-hidden=\"true\" class=\"e-font-icon-svg e-fas-angle-right\" viewbox=\"0 0 256 512\" xmlns=\"http:\/\/www.w3.org\/2000\/svg\"><path d=\"M224.3 273l-136 136c-9.4 9.4-24.6 9.4-33.9 0l-22.6-22.6c-9.4-9.4-9.4-24.6 0-33.9l96.4-96.4-96.4-96.4c-9.4-9.4-9.4-24.6 0-33.9L54.3 103c9.4-9.4 24.6-9.4 33.9 0l136 136c9.5 9.4 9.5 24.6.1 34z\"><\/path><\/svg>\t\t\t\t\t\t<\/span>\n\t\t\t\t\t\t\t\t\t\t<span class=\"elementor-icon-list-text\">Trust: We work with transparency and responsibility.<\/span>\n\t\t\t\t\t\t\t\t\t<\/li>\n\t\t\t\t\t\t\t\t<li class=\"elementor-icon-list-item\">\n\t\t\t\t\t\t\t\t\t\t\t<span class=\"elementor-icon-list-icon\">\n\t\t\t\t\t\t\t<svg aria-hidden=\"true\" class=\"e-font-icon-svg e-fas-angle-right\" viewbox=\"0 0 256 512\" xmlns=\"http:\/\/www.w3.org\/2000\/svg\"><path d=\"M224.3 273l-136 136c-9.4 9.4-24.6 9.4-33.9 0l-22.6-22.6c-9.4-9.4-9.4-24.6 0-33.9l96.4-96.4-96.4-96.4c-9.4-9.4-9.4-24.6 0-33.9L54.3 103c9.4-9.4 24.6-9.4 33.9 0l136 136c9.5 9.4 9.5 24.6.1 34z\"><\/path><\/svg>\t\t\t\t\t\t<\/span>\n\t\t\t\t\t\t\t\t\t\t<span class=\"elementor-icon-list-text\">Accessibility: Solutions in your language and within your reach.<\/span>\n\t\t\t\t\t\t\t\t\t<\/li>\n\t\t\t\t\t\t\t\t<li class=\"elementor-icon-list-item\">\n\t\t\t\t\t\t\t\t\t\t\t<span class=\"elementor-icon-list-icon\">\n\t\t\t\t\t\t\t<svg aria-hidden=\"true\" class=\"e-font-icon-svg e-fas-angle-right\" viewbox=\"0 0 256 512\" xmlns=\"http:\/\/www.w3.org\/2000\/svg\"><path d=\"M224.3 273l-136 136c-9.4 9.4-24.6 9.4-33.9 0l-22.6-22.6c-9.4-9.4-9.4-24.6 0-33.9l96.4-96.4-96.4-96.4c-9.4-9.4-9.4-24.6 0-33.9L54.3 103c9.4-9.4 24.6-9.4 33.9 0l136 136c9.5 9.4 9.5 24.6.1 34z\"><\/path><\/svg>\t\t\t\t\t\t<\/span>\n\t\t\t\t\t\t\t\t\t\t<span class=\"elementor-icon-list-text\">Closeness: We treat you like family, no matter where you are.<\/span>\n\t\t\t\t\t\t\t\t\t<\/li>\n\t\t\t\t\t\t<\/ul>\n\t\t\t\t\t\t<\/div>\n\t\t\t\t<\/div>\n\t\t\t\t<\/div>\n\t\t\t\t<div class=\"elementor-element elementor-element-74fe9fc0 elementor-widget elementor-widget-text-editor\" data-id=\"74fe9fc0\" data-element_type=\"widget\" data-e-type=\"widget\" data-widget_type=\"text-editor.default\">\n\t\t\t\t\t\t\t\t\t<p>Working for our community<\/p>\t\t\t\t\t\t\t\t<\/div>\n\t\t\t\t<div class=\"elementor-element elementor-element-678dc676 elementor-position-left elementor-position-left elementor-vertical-align-top elementor-vertical-align-top elementor-vertical-align-top elementor-widget elementor-widget-image-box\" data-id=\"678dc676\" data-element_type=\"widget\" data-e-type=\"widget\" data-widget_type=\"image-box.default\">\n\t\t\t\t\t<div class=\"elementor-image-box-wrapper\"><figure class=\"elementor-image-box-img\"><img decoding=\"async\" width=\"864\" height=\"1184\" src=\"https:\/\/martinezhernandezfinancialconsulting.com\/wp-content\/uploads\/2025\/09\/Gemini_Generated_Image_ou7m1aou7m1aou7m.png\" class=\"attachment-full size-full wp-image-3340\" alt=\"\" srcset=\"https:\/\/martinezhernandezfinancialconsulting.com\/wp-content\/uploads\/2025\/09\/Gemini_Generated_Image_ou7m1aou7m1aou7m.png 864w, https:\/\/martinezhernandezfinancialconsulting.com\/wp-content\/uploads\/2025\/09\/Gemini_Generated_Image_ou7m1aou7m1aou7m-219x300.png 219w, https:\/\/martinezhernandezfinancialconsulting.com\/wp-content\/uploads\/2025\/09\/Gemini_Generated_Image_ou7m1aou7m1aou7m-747x1024.png 747w, https:\/\/martinezhernandezfinancialconsulting.com\/wp-content\/uploads\/2025\/09\/Gemini_Generated_Image_ou7m1aou7m1aou7m-768x1052.png 768w, https:\/\/martinezhernandezfinancialconsulting.com\/wp-content\/uploads\/2025\/09\/Gemini_Generated_Image_ou7m1aou7m1aou7m-9x12.png 9w\" sizes=\"(max-width: 864px) 100vw, 864px\" \/><\/figure><div class=\"elementor-image-box-content\"><h4 class=\"elementor-image-box-title\">Manuel Martinez and Milangela Hernandez<\/h4><p class=\"elementor-image-box-description\">Martinez &amp; Hernandez Financial Consulting Founders<\/p><\/div><\/div>\t\t\t\t<\/div>\n\t\t\t\t<\/div>\n\t\t\t\t\t<\/div>\n\t\t\t\t<\/div>\n\t\t<div class=\"elementor-element elementor-element-25550303 e-flex e-con-boxed e-con e-parent\" data-id=\"25550303\" data-element_type=\"container\" data-e-type=\"container\" data-settings=\"{&quot;background_background&quot;:&quot;classic&quot;}\">\n\t\t\t\t\t<div class=\"e-con-inner\">\n\t\t<div class=\"elementor-element elementor-element-5d2964f4 e-con-full e-flex e-con e-child\" data-id=\"5d2964f4\" data-element_type=\"container\" data-e-type=\"container\">\n\t\t<div class=\"elementor-element elementor-element-6d5b6998 e-con-full e-flex e-con e-child\" data-id=\"6d5b6998\" data-element_type=\"container\" data-e-type=\"container\">\n\t\t\t\t<div class=\"elementor-element elementor-element-39d3d8a0 elementor-widget__width-initial elementor-widget elementor-widget-heading\" data-id=\"39d3d8a0\" data-element_type=\"widget\" data-e-type=\"widget\" data-widget_type=\"heading.default\">\n\t\t\t\t\t<h3 class=\"elementor-heading-title elementor-size-default\">Our company in numbers<\/h3>\t\t\t\t<\/div>\n\t\t\t\t<div class=\"elementor-element elementor-element-fdb797b elementor-widget-mobile__width-inherit animated-slow elementor-invisible elementor-widget elementor-widget-elementskit-funfact\" data-id=\"fdb797b\" data-element_type=\"widget\" data-e-type=\"widget\" data-settings=\"{&quot;_animation&quot;:&quot;fadeIn&quot;}\" data-widget_type=\"elementskit-funfact.default\">\n\t\t\t\t\t<div class=\"ekit-wid-con\" >\n\t\t<div class=\"elementskit-funfact text-center\">\n\t\t\t\n\t\t\t<div class=\"elementskit-funfact-inner\">\n\t\t\t\t\n\t\t\t\t<div class=\"funfact-content\">\n\t\t\t\t\t<div class=\"number-percentage-wraper\">\n\t\t\t\t\t\t\t\t\t\t\t\t<span class=\"number-percentage\"\n\t\t\t\t\t\t      data-value=\"20\"\n\t\t\t\t\t\t      data-animation-duration=\"3500\"\n\t\t\t\t\t\t\t  data-style=\"static\">0<\/span>\n\t\t\t\t\t\t\t\t\t\t\t\t\t\t\t\t\t\t\t<span class=\"super\"><\/span>\n\t\t\t\t\t\t\t\t\t\t\t<\/div>\n\n\t\t\t\t\t<h4 class=\"funfact-title\">Years of experience<\/h4>\t\t\t\t\t\t\t\t<\/div>\n\t\t<\/div>\n\t\t<\/div>\n\n\n\t\t<\/div>\t\t\t\t<\/div>\n\t\t\t\t<div class=\"elementor-element elementor-element-437b7987 elementor-widget-mobile__width-inherit animated-slow elementor-invisible elementor-widget elementor-widget-elementskit-funfact\" data-id=\"437b7987\" data-element_type=\"widget\" data-e-type=\"widget\" data-settings=\"{&quot;_animation&quot;:&quot;fadeIn&quot;}\" data-widget_type=\"elementskit-funfact.default\">\n\t\t\t\t\t<div class=\"ekit-wid-con\" >\n\t\t<div class=\"elementskit-funfact text-center\">\n\t\t\t\n\t\t\t<div class=\"elementskit-funfact-inner\">\n\t\t\t\t\n\t\t\t\t<div class=\"funfact-content\">\n\t\t\t\t\t<div class=\"number-percentage-wraper\">\n\t\t\t\t\t\t\t\t\t\t\t\t<span class=\"number-percentage\"\n\t\t\t\t\t\t      data-value=\"5000\"\n\t\t\t\t\t\t      data-animation-duration=\"3500\"\n\t\t\t\t\t\t\t  data-style=\"static\">0<\/span>\n\t\t\t\t\t\t\t\t\t\t\t\t\t\t\t\t\t\t\t<span class=\"super\">+<\/span>\n\t\t\t\t\t\t\t\t\t\t\t<\/div>\n\n\t\t\t\t\t<h4 class=\"funfact-title\">Satisfied customer<\/h4>\t\t\t\t\t\t\t\t<\/div>\n\t\t<\/div>\n\t\t<\/div>\n\n\n\t\t<\/div>\t\t\t\t<\/div>\n\t\t\t\t<div class=\"elementor-element elementor-element-3d9a953 elementor-widget-mobile__width-inherit animated-slow elementor-invisible elementor-widget elementor-widget-elementskit-funfact\" data-id=\"3d9a953\" data-element_type=\"widget\" data-e-type=\"widget\" data-settings=\"{&quot;_animation&quot;:&quot;fadeIn&quot;}\" data-widget_type=\"elementskit-funfact.default\">\n\t\t\t\t\t<div class=\"ekit-wid-con\" >\n\t\t<div class=\"elementskit-funfact text-center\">\n\t\t\t\n\t\t\t<div class=\"elementskit-funfact-inner\">\n\t\t\t\t\n\t\t\t\t<div class=\"funfact-content\">\n\t\t\t\t\t<div class=\"number-percentage-wraper\">\n\t\t\t\t\t\t\t\t\t\t\t\t<span class=\"number-percentage\"\n\t\t\t\t\t\t      data-value=\"10000\"\n\t\t\t\t\t\t      data-animation-duration=\"3500\"\n\t\t\t\t\t\t\t  data-style=\"static\">0<\/span>\n\t\t\t\t\t\t\t\t\t\t\t\t\t\t\t\t\t\t\t<span class=\"super\">+<\/span>\n\t\t\t\t\t\t\t\t\t\t\t<\/div>\n\n\t\t\t\t\t<h4 class=\"funfact-title\">Project completed<\/h4>\t\t\t\t\t\t\t\t<\/div>\n\t\t<\/div>\n\t\t<\/div>\n\n\n\t\t<\/div>\t\t\t\t<\/div>\n\t\t\t\t<\/div>\n\t\t\t\t<\/div>\n\t\t\t\t\t<\/div>\n\t\t\t\t<\/div>\n\t\t<div class=\"elementor-element elementor-element-8de2612 e-flex e-con-boxed e-con e-parent\" data-id=\"8de2612\" data-element_type=\"container\" data-e-type=\"container\">\n\t\t\t\t\t<div class=\"e-con-inner\">\n\t\t<div class=\"elementor-element elementor-element-420a70da e-con-full e-flex e-con e-child\" data-id=\"420a70da\" data-element_type=\"container\" data-e-type=\"container\">\n\t\t\t\t<div class=\"elementor-element elementor-element-6292b313 elementor-widget elementor-widget-heading\" data-id=\"6292b313\" data-element_type=\"widget\" data-e-type=\"widget\" data-widget_type=\"heading.default\">\n\t\t\t\t\t<div class=\"elementor-heading-title elementor-size-default\">Why Choose Us?\n<\/div>\t\t\t\t<\/div>\n\t\t\t\t<div class=\"elementor-element elementor-element-6514dfa animated-slow elementor-invisible elementor-widget elementor-widget-heading\" data-id=\"6514dfa\" data-element_type=\"widget\" data-e-type=\"widget\" data-settings=\"{&quot;_animation&quot;:&quot;fadeInUp&quot;}\" data-widget_type=\"heading.default\">\n\t\t\t\t\t<h3 class=\"elementor-heading-title elementor-size-default\">More than just numbers; services that support you in every decision.<\/h3>\t\t\t\t<\/div>\n\t\t\t\t<div class=\"elementor-element elementor-element-39da8dc3 elementor-widget elementor-widget-text-editor\" data-id=\"39da8dc3\" data-element_type=\"widget\" data-e-type=\"widget\" data-widget_type=\"text-editor.default\">\n\t\t\t\t\t\t\t\t\t<p>We stand out by combining experience, personalized attention, and dedication. Thanks to our team of bilingual professionals and our customer-centric philosophy, our services go beyond mere paperwork: we focus on building trust and achieving real results.<\/p><ul><li>Professional and personalized service.<\/li><li>Experience with families, professionals, and businesses throughout the United States.<\/li><li>Friendly, transparent service in\u00a0your\u00a0language.<\/li><\/ul>\t\t\t\t\t\t\t\t<\/div>\n\t\t<div class=\"elementor-element elementor-element-7ceec478 e-con-full e-flex e-con e-child\" data-id=\"7ceec478\" data-element_type=\"container\" data-e-type=\"container\">\n\t\t\t\t<div class=\"elementor-element elementor-element-57224fb elementor-position-inline-start elementor-mobile-position-inline-start elementor-view-default elementor-widget elementor-widget-icon-box\" data-id=\"57224fb\" data-element_type=\"widget\" data-e-type=\"widget\" data-widget_type=\"icon-box.default\">\n\t\t\t\t\t\t\t<div class=\"elementor-icon-box-wrapper\">\n\n\t\t\t\t\t\t<div class=\"elementor-icon-box-icon\">\n\t\t\t\t<span  class=\"elementor-icon\">\n\t\t\t\t<i aria-hidden=\"true\" class=\"icon icon-team1\"><\/i>\t\t\t\t<\/span>\n\t\t\t<\/div>\n\t\t\t\n\t\t\t\t\t\t<div class=\"elementor-icon-box-content\">\n\n\t\t\t\t\t\t\t\t\t<h4 class=\"elementor-icon-box-title\">\n\t\t\t\t\t\t<span  >\n\t\t\t\t\t\t\tExperience\t\t\t\t\t\t<\/span>\n\t\t\t\t\t<\/h4>\n\t\t\t\t\n\t\t\t\t\n\t\t\t<\/div>\n\t\t\t\n\t\t<\/div>\n\t\t\t\t\t\t<\/div>\n\t\t\t\t<div class=\"elementor-element elementor-element-6e8df5b1 elementor-position-inline-start elementor-mobile-position-inline-start elementor-view-default elementor-widget elementor-widget-icon-box\" data-id=\"6e8df5b1\" data-element_type=\"widget\" data-e-type=\"widget\" data-widget_type=\"icon-box.default\">\n\t\t\t\t\t\t\t<div class=\"elementor-icon-box-wrapper\">\n\n\t\t\t\t\t\t<div class=\"elementor-icon-box-icon\">\n\t\t\t\t<span  class=\"elementor-icon\">\n\t\t\t\t<i aria-hidden=\"true\" class=\"icon icon-conversation\"><\/i>\t\t\t\t<\/span>\n\t\t\t<\/div>\n\t\t\t\n\t\t\t\t\t\t<div class=\"elementor-icon-box-content\">\n\n\t\t\t\t\t\t\t\t\t<h4 class=\"elementor-icon-box-title\">\n\t\t\t\t\t\t<span  >\n\t\t\t\t\t\t\tFree consultation\t\t\t\t\t\t<\/span>\n\t\t\t\t\t<\/h4>\n\t\t\t\t\n\t\t\t\t\n\t\t\t<\/div>\n\t\t\t\n\t\t<\/div>\n\t\t\t\t\t\t<\/div>\n\t\t\t\t<\/div>\n\t\t<div class=\"elementor-element elementor-element-352c9330 e-con-full e-flex e-con e-child\" data-id=\"352c9330\" data-element_type=\"container\" data-e-type=\"container\">\n\t\t<div class=\"elementor-element elementor-element-2460c962 e-con-full e-flex e-con e-child\" data-id=\"2460c962\" data-element_type=\"container\" data-e-type=\"container\">\n\t\t\t\t<div class=\"elementor-element elementor-element-29af0a14 elementor-align-left elementor-mobile-align-left elementor-widget__width-initial elementor-widget elementor-widget-button\" data-id=\"29af0a14\" data-element_type=\"widget\" data-e-type=\"widget\" data-widget_type=\"button.default\">\n\t\t\t\t\t\t\t\t\t\t<a class=\"elementor-button elementor-button-link elementor-size-sm\" href=\"https:\/\/martinezhernandezfinancialconsulting.com\/en\/contacta-con-nosotras\/\">\n\t\t\t\t\t\t<span class=\"elementor-button-content-wrapper\">\n\t\t\t\t\t\t<span class=\"elementor-button-icon\">\n\t\t\t\t<svg aria-hidden=\"true\" class=\"e-font-icon-svg e-fas-arrow-right\" viewbox=\"0 0 448 512\" xmlns=\"http:\/\/www.w3.org\/2000\/svg\"><path d=\"M190.5 66.9l22.2-22.2c9.4-9.4 24.6-9.4 33.9 0L441 239c9.4 9.4 9.4 24.6 0 33.9L246.6 467.3c-9.4 9.4-24.6 9.4-33.9 0l-22.2-22.2c-9.5-9.5-9.3-25 .4-34.3L311.4 296H24c-13.3 0-24-10.7-24-24v-32c0-13.3 10.7-24 24-24h287.4L190.9 101.2c-9.8-9.3-10-24.8-.4-34.3z\"><\/path><\/svg>\t\t\t<\/span>\n\t\t\t\t\t\t\t\t\t<span class=\"elementor-button-text\">CONTACT US NOW<\/span>\n\t\t\t\t\t<\/span>\n\t\t\t\t\t<\/a>\n\t\t\t\t\t\t\t\t<\/div>\n\t\t\t\t<\/div>\n\t\t<div class=\"elementor-element elementor-element-44ba7eef e-con-full e-flex e-con e-child\" data-id=\"44ba7eef\" data-element_type=\"container\" data-e-type=\"container\">\n\t\t\t\t<div class=\"elementor-element elementor-element-7c0aa9da elementor-align-left elementor-mobile-align-left elementor-widget elementor-widget-button\" data-id=\"7c0aa9da\" data-element_type=\"widget\" data-e-type=\"widget\" data-widget_type=\"button.default\">\n\t\t\t\t\t\t\t\t\t\t<a class=\"elementor-button elementor-button-link elementor-size-sm\" href=\"https:\/\/martinezhernandezfinancialconsulting.com\/en\/servicios\/\">\n\t\t\t\t\t\t<span class=\"elementor-button-content-wrapper\">\n\t\t\t\t\t\t<span class=\"elementor-button-icon\">\n\t\t\t\t<svg aria-hidden=\"true\" class=\"e-font-icon-svg e-fas-arrow-right\" viewbox=\"0 0 448 512\" xmlns=\"http:\/\/www.w3.org\/2000\/svg\"><path d=\"M190.5 66.9l22.2-22.2c9.4-9.4 24.6-9.4 33.9 0L441 239c9.4 9.4 9.4 24.6 0 33.9L246.6 467.3c-9.4 9.4-24.6 9.4-33.9 0l-22.2-22.2c-9.5-9.5-9.3-25 .4-34.3L311.4 296H24c-13.3 0-24-10.7-24-24v-32c0-13.3 10.7-24 24-24h287.4L190.9 101.2c-9.8-9.3-10-24.8-.4-34.3z\"><\/path><\/svg>\t\t\t<\/span>\n\t\t\t\t\t\t\t\t\t<span class=\"elementor-button-text\">VER SERVICIOS<\/span>\n\t\t\t\t\t<\/span>\n\t\t\t\t\t<\/a>\n\t\t\t\t\t\t\t\t<\/div>\n\t\t\t\t<\/div>\n\t\t\t\t<\/div>\n\t\t\t\t<\/div>\n\t\t<div class=\"elementor-element elementor-element-45b146d8 e-con-full animated-slow e-flex elementor-invisible e-con e-child\" data-id=\"45b146d8\" data-element_type=\"container\" data-e-type=\"container\" data-settings=\"{&quot;animation&quot;:&quot;fadeInRight&quot;}\">\n\t\t\t\t<div class=\"elementor-element elementor-element-3b48258d elementor-widget elementor-widget-image\" data-id=\"3b48258d\" data-element_type=\"widget\" data-e-type=\"widget\" data-widget_type=\"image.default\">\n\t\t\t\t\t\t\t\t\t\t\t\t\t\t\t<img decoding=\"async\" width=\"2560\" height=\"2560\" src=\"https:\/\/martinezhernandezfinancialconsulting.com\/wp-content\/uploads\/2025\/09\/group-businesspeople-working-laptop-office-scaled.jpg\" class=\"attachment-full size-full wp-image-264\" alt=\"\" srcset=\"https:\/\/martinezhernandezfinancialconsulting.com\/wp-content\/uploads\/2025\/09\/group-businesspeople-working-laptop-office-scaled.jpg 2560w, https:\/\/martinezhernandezfinancialconsulting.com\/wp-content\/uploads\/2025\/09\/group-businesspeople-working-laptop-office-300x300.jpg 300w, https:\/\/martinezhernandezfinancialconsulting.com\/wp-content\/uploads\/2025\/09\/group-businesspeople-working-laptop-office-1024x1024.jpg 1024w, https:\/\/martinezhernandezfinancialconsulting.com\/wp-content\/uploads\/2025\/09\/group-businesspeople-working-laptop-office-150x150.jpg 150w, https:\/\/martinezhernandezfinancialconsulting.com\/wp-content\/uploads\/2025\/09\/group-businesspeople-working-laptop-office-768x768.jpg 768w, https:\/\/martinezhernandezfinancialconsulting.com\/wp-content\/uploads\/2025\/09\/group-businesspeople-working-laptop-office-1536x1536.jpg 1536w, https:\/\/martinezhernandezfinancialconsulting.com\/wp-content\/uploads\/2025\/09\/group-businesspeople-working-laptop-office-2048x2048.jpg 2048w\" sizes=\"(max-width: 2560px) 100vw, 2560px\" \/>\t\t\t\t\t\t\t\t\t\t\t\t\t\t\t<\/div>\n\t\t\t\t<\/div>\n\t\t\t\t\t<\/div>\n\t\t\t\t<\/div>\n\t\t\t\t<\/div>","protected":false},"excerpt":{"rendered":"<p>SOBRE LA EMPRESA Tu aliado para el \u00e9xito En Martinez &amp; Hernandez Financial Consulting somos m\u00e1s que una compa\u00f1\u00eda de multiservicios: somos tu aliado.Nuestro compromiso va m\u00e1s all\u00e1 de tr\u00e1mites y papeles; trabajamos cada d\u00eda para apoyar el \u00e9xito de nuestra comunidad en todo Estados Unidos, ofreciendo soluciones confiables y personalizadas que hacen la diferencia. [&hellip;]<\/p>\n","protected":false},"author":1,"featured_media":0,"parent":0,"menu_order":0,"comment_status":"closed","ping_status":"closed","template":"elementor_header_footer","meta":{"footnotes":""},"class_list":["post-1934","page","type-page","status-publish","hentry"],"_links":{"self":[{"href":"https:\/\/martinezhernandezfinancialconsulting.com\/en\/wp-json\/wp\/v2\/pages\/1934","targetHints":{"allow":["GET"]}}],"collection":[{"href":"https:\/\/martinezhernandezfinancialconsulting.com\/en\/wp-json\/wp\/v2\/pages"}],"about":[{"href":"https:\/\/martinezhernandezfinancialconsulting.com\/en\/wp-json\/wp\/v2\/types\/page"}],"author":[{"embeddable":true,"href":"https:\/\/martinezhernandezfinancialconsulting.com\/en\/wp-json\/wp\/v2\/users\/1"}],"replies":[{"embeddable":true,"href":"https:\/\/martinezhernandezfinancialconsulting.com\/en\/wp-json\/wp\/v2\/comments?post=1934"}],"version-history":[{"count":67,"href":"https:\/\/martinezhernandezfinancialconsulting.com\/en\/wp-json\/wp\/v2\/pages\/1934\/revisions"}],"predecessor-version":[{"id":4428,"href":"https:\/\/martinezhernandezfinancialconsulting.com\/en\/wp-json\/wp\/v2\/pages\/1934\/revisions\/4428"}],"wp:attachment":[{"href":"https:\/\/martinezhernandezfinancialconsulting.com\/en\/wp-json\/wp\/v2\/media?parent=1934"}],"curies":[{"name":"wp","href":"https:\/\/api.w.org\/{rel}","templated":true}]}}