{"id":1778,"date":"2025-09-18T17:19:24","date_gmt":"2025-09-18T17:19:24","guid":{"rendered":"https:\/\/martinezhernandezfinancialconsulting.com\/?page_id=1778"},"modified":"2025-10-15T22:26:20","modified_gmt":"2025-10-15T22:26:20","slug":"terminos-y-condiciones","status":"publish","type":"page","link":"https:\/\/martinezhernandezfinancialconsulting.com\/en\/terminos-y-condiciones\/","title":{"rendered":"Terms &amp; Conditions"},"content":{"rendered":"<div data-elementor-type=\"wp-page\" data-elementor-id=\"1778\" class=\"elementor elementor-1778\" data-elementor-post-type=\"page\">\n\t\t\t\t<div class=\"elementor-element elementor-element-4e9b198d e-flex e-con-boxed e-con e-parent\" data-id=\"4e9b198d\" data-element_type=\"container\" data-e-type=\"container\">\n\t\t\t\t\t<div class=\"e-con-inner\">\n\t\t\t\t<div class=\"elementor-element elementor-element-592a36ba elementor-widget elementor-widget-text-editor\" data-id=\"592a36ba\" data-element_type=\"widget\" data-e-type=\"widget\" data-widget_type=\"text-editor.default\">\n\t\t\t\t\t\t\t\t\t<h1>Terms &amp; Conditions<\/h1><p>\u00daltima actualizaci\u00f3n: 18 de septiembre de 2025<\/p><p>Por favor, lea detenidamente estos t\u00e9rminos y condiciones antes de utilizar nuestro servicio.<\/p><h2>Interpretaci\u00f3n y definiciones<\/h2><h3>Interpretaci\u00f3n<\/h3><p>Las palabras que comienzan con may\u00fascula tienen los significados definidos seg\u00fan las siguientes condiciones. Estas definiciones tendr\u00e1n el mismo significado tanto en singular como en plural.<\/p><h3>Definiciones<\/h3><p>Para los fines de estos T\u00e9rminos y Condiciones:<\/p><ul><li><p>Afiliado significa una entidad que controla, est\u00e1 controlada por o est\u00e1 bajo control com\u00fan con una parte, donde &#8220;control&#8221; significa la propiedad del 50% o m\u00e1s de las acciones, participaciones o valores con derecho a voto para la elecci\u00f3n de directores u otros \u00f3rganos de administraci\u00f3n.<\/p><\/li><li><p>Pa\u00eds se refiere a: Florida, Estados Unidos.<\/p><\/li><li><p>Empresa (denominada &#8220;la Empresa&#8221;, &#8220;Nosotros&#8221; o &#8220;Nuestra&#8221; en este Acuerdo) se refiere a Martinez &amp; Hernandez Financial Consulting, (301) 357-5007.<\/p><\/li><li><p>Dispositivo significa cualquier dispositivo que pueda acceder al Servicio, como una computadora, un tel\u00e9fono m\u00f3vil o una tableta digital.<\/p><\/li><li><p>Servicio se refiere al sitio web.<\/p><\/li><li><p>T\u00e9rminos y Condiciones (tambi\u00e9n denominados &#8220;T\u00e9rminos&#8221;) se refieren a estos T\u00e9rminos y Condiciones, que constituyen el acuerdo \u00edntegro entre usted y la Empresa respecto al uso del Servicio. Este acuerdo de T\u00e9rminos y Condiciones fue creado con la ayuda del Generador de T\u00e9rminos y Condiciones.<\/p><\/li><li><p>Servicio de Redes Sociales de Terceros significa cualquier servicio o contenido (incluidos datos, informaci\u00f3n, productos o servicios) proporcionado por un tercero que pueda ser mostrado, incluido o puesto a disposici\u00f3n a trav\u00e9s del Servicio.<\/p><\/li><li><p>Sitio web se refiere a Martinez &amp; Hernandez Financial Consulting, accesible desde https:\/\/www.martinezhernandezfinancialconsulting.com\/<\/p><\/li><li><p>Usted se refiere a la persona que accede o utiliza el Servicio, o a la empresa u otra entidad legal en nombre de la cual dicha persona accede o utiliza el Servicio, seg\u00fan corresponda.<\/p><\/li><\/ul><h2>Reconocimiento<\/h2><p>Estos son los T\u00e9rminos y Condiciones que rigen el uso de este Servicio y el acuerdo entre usted y la Compa\u00f1\u00eda. Estos T\u00e9rminos y Condiciones establecen los derechos y obligaciones de todos los usuarios respecto al uso del Servicio.<\/p><p>Su acceso y uso del Servicio est\u00e1n condicionados a la aceptaci\u00f3n y cumplimiento de estos T\u00e9rminos y Condiciones. Estos T\u00e9rminos y Condiciones se aplican a todos los visitantes, usuarios y dem\u00e1s personas que accedan o utilicen el Servicio.<\/p><p>Al acceder o utilizar el Servicio, usted acepta quedar sujeto a estos T\u00e9rminos y Condiciones. Si no est\u00e1 de acuerdo con alguna parte de estos T\u00e9rminos y Condiciones, no podr\u00e1 acceder al Servicio.<\/p><p>Usted declara tener m\u00e1s de 18 a\u00f1os. La Compa\u00f1\u00eda no permite el uso del Servicio a menores de 18 a\u00f1os.<\/p><p>Su acceso y uso del Servicio tambi\u00e9n est\u00e1n condicionados a la aceptaci\u00f3n y cumplimiento de la Pol\u00edtica de Privacidad de la Compa\u00f1\u00eda. Nuestra Pol\u00edtica de Privacidad describe nuestras pol\u00edticas y procedimientos para la recopilaci\u00f3n, el uso y la divulgaci\u00f3n de su informaci\u00f3n personal cuando utiliza la Aplicaci\u00f3n o el Sitio Web, y le informa sobre sus derechos de privacidad y c\u00f3mo la ley le protege. Lea atentamente nuestra Pol\u00edtica de Privacidad antes de utilizar nuestro Servicio.<\/p><h2>Enlaces a otros sitios web<\/h2><p>Nuestro servicio puede contener enlaces a sitios web o servicios de terceros que no son propiedad ni est\u00e1n controlados por la empresa.<\/p><p>La empresa no tiene control alguno sobre el contenido, las pol\u00edticas de privacidad ni las pr\u00e1cticas de dichos sitios web o servicios de terceros, y no asume ninguna responsabilidad por ellos. Asimismo, usted reconoce y acepta que la empresa no ser\u00e1 responsable, ni directa ni indirectamente, de ning\u00fan da\u00f1o o p\u00e9rdida que se produzca o se afirme que se haya producido en relaci\u00f3n con el uso o la confianza depositada en dicho contenido, productos o servicios disponibles en dichos sitios web o servicios.<\/p><p>Le recomendamos encarecidamente que lea los t\u00e9rminos y condiciones y la pol\u00edtica de privacidad de cualquier sitio web o servicio de terceros que visite.<\/p><h2>Terminaci\u00f3n<\/h2><p>Podemos cancelar o suspender su acceso de inmediato, sin previo aviso ni responsabilidad alguna, por cualquier motivo, incluyendo, entre otros, el incumplimiento de estos t\u00e9rminos y condiciones.<\/p><p>Una vez cancelado el acceso, su derecho a utilizar el servicio cesar\u00e1 de inmediato.<\/p><h2>Limitaci\u00f3n de responsabilidad<\/h2><p>Independientemente de los da\u00f1os que pueda sufrir, la responsabilidad total de la Compa\u00f1\u00eda y de sus proveedores, en virtud de cualquier disposici\u00f3n de estos T\u00e9rminos, y su \u00fanico recurso legal en relaci\u00f3n con lo anterior, se limitar\u00e1 al importe que usted haya pagado por el Servicio o a 100 USD si no ha realizado ninguna compra a trav\u00e9s del mismo.<\/p><p>En la m\u00e1xima medida permitida por la ley aplicable, en ning\u00fan caso la Compa\u00f1\u00eda ni sus proveedores ser\u00e1n responsables de ning\u00fan da\u00f1o especial, fortuito, indirecto o consecuente (incluidos, entre otros, los da\u00f1os por lucro cesante, p\u00e9rdida de datos u otra informaci\u00f3n, interrupci\u00f3n del negocio, lesiones personales o p\u00e9rdida de privacidad) que surja o est\u00e9 relacionado de alg\u00fan modo con el uso o la imposibilidad de usar el Servicio, el software de terceros y\/o el hardware de terceros utilizado con el Servicio, o en relaci\u00f3n con cualquier disposici\u00f3n de estos T\u00e9rminos, incluso si la Compa\u00f1\u00eda o alguno de sus proveedores hubieran sido advertidos de la posibilidad de tales da\u00f1os, y aun cuando el recurso resulte ineficaz.<\/p><p>Algunos estados no permiten la exclusi\u00f3n de garant\u00edas impl\u00edcitas ni la limitaci\u00f3n de responsabilidad por da\u00f1os incidentales o consecuentes, por lo que es posible que algunas de las limitaciones anteriores no sean aplicables. En dichos estados, la responsabilidad de cada parte se limitar\u00e1 en la m\u00e1xima medida permitida por la ley.<\/p><h2>Aviso legal sobre &#8220;tal cual&#8221; y &#8220;seg\u00fan disponibilidad&#8221;<\/h2><p>El Servicio se proporciona &#8220;EN SU ESTADO ACTUAL&#8221; y &#8220;SEG\u00daN DISPONIBILIDAD&#8221;, con todos sus defectos y limitaciones, sin garant\u00eda de ning\u00fan tipo. En la m\u00e1xima medida permitida por la ley aplicable, la Compa\u00f1\u00eda, en nombre propio y en representaci\u00f3n de sus filiales, licenciatarios y proveedores de servicios, renuncia expresamente a todas las garant\u00edas, ya sean expresas, impl\u00edcitas, legales o de otro tipo, con respecto al Servicio, incluyendo todas las garant\u00edas impl\u00edcitas de comerciabilidad, idoneidad para un prop\u00f3sito particular, t\u00edtulo y no infracci\u00f3n, as\u00ed como las garant\u00edas que puedan surgir del curso de las transacciones, la pr\u00e1ctica habitual o las normas del sector. Sin perjuicio de lo anterior, la Compa\u00f1\u00eda no garantiza ni asegura que el Servicio satisfaga sus requisitos, logre los resultados previstos, sea compatible con otros programas, aplicaciones, sistemas o servicios, funcione sin interrupciones, cumpla con los est\u00e1ndares de rendimiento o fiabilidad, est\u00e9 libre de errores o que los errores o defectos puedan ser corregidos.<\/p><p>Sin limitar lo anterior, ni la Compa\u00f1\u00eda ni sus proveedores realizan ninguna declaraci\u00f3n o garant\u00eda, expresa o impl\u00edcita, sobre: \u200b\u200b(i) el funcionamiento o la disponibilidad del Servicio, o la informaci\u00f3n, contenido, materiales o productos que incluye; (ii) la ausencia de interrupciones o errores en el Servicio; (iii) la exactitud, fiabilidad o actualidad de la informaci\u00f3n o contenido proporcionado a trav\u00e9s del Servicio; o (iv) que el Servicio, sus servidores, el contenido o los correos electr\u00f3nicos enviados por la Compa\u00f1\u00eda est\u00e9n libres de virus, scripts, caballos de Troya, gusanos, malware, bombas de tiempo u otros componentes maliciosos.<\/p><p>Algunas jurisdicciones no permiten la exclusi\u00f3n de ciertos tipos de garant\u00edas ni la limitaci\u00f3n de los derechos legales del consumidor, por lo que es posible que algunas o todas las exclusiones y limitaciones anteriores no le sean aplicables. En ese caso, las exclusiones y limitaciones de esta secci\u00f3n se aplicar\u00e1n en la m\u00e1xima medida permitida por la ley aplicable.<\/p><h2>Ley aplicable<\/h2><p>La legislaci\u00f3n del pa\u00eds, excluyendo sus normas sobre conflictos de leyes, regir\u00e1 estos t\u00e9rminos y condiciones, as\u00ed como su uso del servicio. Su uso de la aplicaci\u00f3n tambi\u00e9n podr\u00e1 estar sujeto a otras leyes locales, estatales, nacionales o internacionales.<\/p><h2>Resoluci\u00f3n de disputas<\/h2><p>Si tiene alguna inquietud o discrepancia con respecto al servicio, usted acepta intentar primero resolver el problema de forma informal poni\u00e9ndose en contacto con la empresa.<\/p><h2>Para usuarios de la Uni\u00f3n Europea (UE)<\/h2><p>Si usted es un consumidor residente en la Uni\u00f3n Europea, podr\u00e1 beneficiarse de las disposiciones legales obligatorias del pa\u00eds en el que reside.<\/p><h2>Cumplimiento legal en Estados Unidos<\/h2><p>Usted declara y garantiza que (i) no se encuentra en un pa\u00eds sujeto al embargo del gobierno de Estados Unidos, ni en un pa\u00eds que haya sido designado por el gobierno estadounidense como pa\u00eds que apoya el terrorismo, y (ii) que su nombre no figura en ninguna lista del gobierno de Estados Unidos de personas prohibidas o restringidas.<\/p><h2>Cl\u00e1usula de separabilidad y renuncia<\/h2><h3>Divisibilidad<\/h3><p>Si alguna disposici\u00f3n de estos t\u00e9rminos se considera inaplicable o inv\u00e1lida, dicha disposici\u00f3n se modificar\u00e1 e interpretar\u00e1 de manera que se logren los objetivos previstos en la mayor medida posible seg\u00fan la legislaci\u00f3n aplicable, y las dem\u00e1s disposiciones seguir\u00e1n estando plenamente vigentes.<\/p><h3>Exenci\u00f3n<\/h3><p>Salvo lo dispuesto en estos t\u00e9rminos y condiciones, la no exigencia del ejercicio de un derecho o el cumplimiento de una obligaci\u00f3n no impedir\u00e1 que una de las partes pueda ejercer dicho derecho o exigir dicho cumplimiento en cualquier momento posterior, ni la renuncia a una infracci\u00f3n constituir\u00e1 una renuncia a cualquier infracci\u00f3n posterior.<\/p><h2>Interpretaci\u00f3n y traducci\u00f3n<\/h2><p>Estos t\u00e9rminos y condiciones podr\u00edan haber sido traducidos si los hemos puesto a su disposici\u00f3n en nuestro servicio.<br \/>Usted acepta que, en caso de discrepancia, prevalecer\u00e1 el texto original en ingl\u00e9s.<\/p><h2>Cambios en estos t\u00e9rminos y condiciones<\/h2><p>Nos reservamos el derecho, a nuestra entera discreci\u00f3n, de modificar o reemplazar estos T\u00e9rminos en cualquier momento. Si se trata de una modificaci\u00f3n sustancial, haremos todo lo posible por notificarlo con al menos 30 d\u00edas de antelaci\u00f3n a su entrada en vigor. La determinaci\u00f3n de si una modificaci\u00f3n es sustancial o no quedar\u00e1 a nuestra entera discreci\u00f3n.<\/p><p>Al continuar accediendo o utilizando nuestro Servicio despu\u00e9s de que dichas modificaciones entren en vigor, usted acepta quedar sujeto a los t\u00e9rminos revisados. Si no est\u00e1 de acuerdo con los nuevos t\u00e9rminos, en su totalidad o en parte, le rogamos que deje de utilizar el sitio web y el Servicio.<\/p><p>\u00a0<\/p>\t\t\t\t\t\t\t\t<\/div>\n\t\t\t\t\t<\/div>\n\t\t\t\t<\/div>\n\t\t\t\t<\/div>","protected":false},"excerpt":{"rendered":"<p>T\u00e9rminos y condiciones \u00daltima actualizaci\u00f3n: 18 de septiembre de 2025 Por favor, lea detenidamente estos t\u00e9rminos y condiciones antes de utilizar nuestro servicio. Interpretaci\u00f3n y definiciones Interpretaci\u00f3n Las palabras que comienzan con may\u00fascula tienen los significados definidos seg\u00fan las siguientes condiciones. Estas definiciones tendr\u00e1n el mismo significado tanto en singular como en plural. Definiciones Para [&hellip;]<\/p>\n","protected":false},"author":1,"featured_media":0,"parent":0,"menu_order":0,"comment_status":"closed","ping_status":"closed","template":"elementor_header_footer","meta":{"footnotes":""},"class_list":["post-1778","page","type-page","status-publish","hentry"],"_links":{"self":[{"href":"https:\/\/martinezhernandezfinancialconsulting.com\/en\/wp-json\/wp\/v2\/pages\/1778","targetHints":{"allow":["GET"]}}],"collection":[{"href":"https:\/\/martinezhernandezfinancialconsulting.com\/en\/wp-json\/wp\/v2\/pages"}],"about":[{"href":"https:\/\/martinezhernandezfinancialconsulting.com\/en\/wp-json\/wp\/v2\/types\/page"}],"author":[{"embeddable":true,"href":"https:\/\/martinezhernandezfinancialconsulting.com\/en\/wp-json\/wp\/v2\/users\/1"}],"replies":[{"embeddable":true,"href":"https:\/\/martinezhernandezfinancialconsulting.com\/en\/wp-json\/wp\/v2\/comments?post=1778"}],"version-history":[{"count":11,"href":"https:\/\/martinezhernandezfinancialconsulting.com\/en\/wp-json\/wp\/v2\/pages\/1778\/revisions"}],"predecessor-version":[{"id":2709,"href":"https:\/\/martinezhernandezfinancialconsulting.com\/en\/wp-json\/wp\/v2\/pages\/1778\/revisions\/2709"}],"wp:attachment":[{"href":"https:\/\/martinezhernandezfinancialconsulting.com\/en\/wp-json\/wp\/v2\/media?parent=1778"}],"curies":[{"name":"wp","href":"https:\/\/api.w.org\/{rel}","templated":true}]}}